{"id":8,"date":"2023-07-28T07:06:08","date_gmt":"2023-07-28T07:06:08","guid":{"rendered":"https:\/\/technikaikiallitas.hu\/?page_id=8"},"modified":"2023-07-28T08:32:33","modified_gmt":"2023-07-28T08:32:33","slug":"galeria","status":"publish","type":"page","link":"https:\/\/technikaikiallitas.hu\/?page_id=8","title":{"rendered":"Gal\u00e9ria"},"content":{"rendered":"<div class=\"pgc-sgb-cb wp-block-pgcsimplygalleryblock-slider  animated backInRight\" data-gallery-id=\"37a00551\" style=\"min-height:400px\"><div class=\"sgb-preloader\" id=\"pr_37a00551\">\n\t<div class=\"sgb-square\" style=\"background:#d4d4d4\"><\/div>\n\t<div class=\"sgb-square\" style=\"background:#d4d4d4\"><\/div>\n\t<div class=\"sgb-square\" style=\"background:#d4d4d4\"><\/div>\n\t<div class=\"sgb-square\" style=\"background:#d4d4d4\"><\/div><\/div><div class=\"simply-gallery-amp pgc_sgb_slider \" style=\"display: none;\"><div class=\"sgb-gallery\"><div class=\"sgb-item\"><a href=\"https:\/\/technikaikiallitas.hu\/wp-content\/uploads\/2023\/07\/D10.jpg\"><img decoding=\"async\" alt=\"\" width=\"300\" height=\"209\" loading=\"lazy\" src=\"https:\/\/technikaikiallitas.hu\/wp-content\/uploads\/2023\/07\/D10-300x209.jpg\" srcset=\"https:\/\/technikaikiallitas.hu\/wp-content\/uploads\/2023\/07\/D10-300x209.jpg 300w,https:\/\/technikaikiallitas.hu\/wp-content\/uploads\/2023\/07\/D10-1024x713.jpg 1024w,https:\/\/technikaikiallitas.hu\/wp-content\/uploads\/2023\/07\/D10.jpg 1184w\" sizes=\"auto, 250px\"\/><\/a><\/div><div class=\"sgb-item\"><a href=\"https:\/\/technikaikiallitas.hu\/wp-content\/uploads\/2023\/07\/G02.jpg\"><img decoding=\"async\" alt=\"\" width=\"300\" height=\"298\" loading=\"lazy\" src=\"https:\/\/technikaikiallitas.hu\/wp-content\/uploads\/2023\/07\/G02-300x298.jpg\" srcset=\"https:\/\/technikaikiallitas.hu\/wp-content\/uploads\/2023\/07\/G02-300x298.jpg 300w,https:\/\/technikaikiallitas.hu\/wp-content\/uploads\/2023\/07\/G02.jpg 978w\" sizes=\"auto, 250px\"\/><\/a><\/div><div class=\"sgb-item\"><a href=\"https:\/\/technikaikiallitas.hu\/wp-content\/uploads\/2023\/07\/D08.jpg\"><img decoding=\"async\" alt=\"\" width=\"300\" height=\"211\" loading=\"lazy\" src=\"https:\/\/technikaikiallitas.hu\/wp-content\/uploads\/2023\/07\/D08-300x211.jpg\" srcset=\"https:\/\/technikaikiallitas.hu\/wp-content\/uploads\/2023\/07\/D08-300x211.jpg 300w,https:\/\/technikaikiallitas.hu\/wp-content\/uploads\/2023\/07\/D08.jpg 718w\" sizes=\"auto, 250px\"\/><\/a><\/div><div class=\"sgb-item\"><a href=\"https:\/\/technikaikiallitas.hu\/wp-content\/uploads\/2023\/07\/G11.jpg\"><img decoding=\"async\" alt=\"\" width=\"300\" height=\"201\" loading=\"lazy\" src=\"https:\/\/technikaikiallitas.hu\/wp-content\/uploads\/2023\/07\/G11-300x201.jpg\" srcset=\"https:\/\/technikaikiallitas.hu\/wp-content\/uploads\/2023\/07\/G11-300x201.jpg 300w,https:\/\/technikaikiallitas.hu\/wp-content\/uploads\/2023\/07\/G11.jpg 748w\" sizes=\"auto, 250px\"\/><\/a><\/div><div class=\"sgb-item\"><a href=\"https:\/\/technikaikiallitas.hu\/wp-content\/uploads\/2023\/07\/B08.jpg\"><img decoding=\"async\" alt=\"\" width=\"241\" height=\"300\" loading=\"lazy\" src=\"https:\/\/technikaikiallitas.hu\/wp-content\/uploads\/2023\/07\/B08-241x300.jpg\" srcset=\"https:\/\/technikaikiallitas.hu\/wp-content\/uploads\/2023\/07\/B08-241x300.jpg 241w,https:\/\/technikaikiallitas.hu\/wp-content\/uploads\/2023\/07\/B08.jpg 347w\" sizes=\"auto, 250px\"\/><\/a><\/div><div class=\"sgb-item\"><a href=\"https:\/\/technikaikiallitas.hu\/wp-content\/uploads\/2023\/07\/K10.jpg\"><img decoding=\"async\" alt=\"\" width=\"300\" height=\"243\" loading=\"lazy\" src=\"https:\/\/technikaikiallitas.hu\/wp-content\/uploads\/2023\/07\/K10-300x243.jpg\" srcset=\"https:\/\/technikaikiallitas.hu\/wp-content\/uploads\/2023\/07\/K10-300x243.jpg 300w,https:\/\/technikaikiallitas.hu\/wp-content\/uploads\/2023\/07\/K10-1024x828.jpg 1024w,https:\/\/technikaikiallitas.hu\/wp-content\/uploads\/2023\/07\/K10.jpg 1078w\" sizes=\"auto, 250px\"\/><\/a><\/div><div class=\"sgb-item\"><a href=\"https:\/\/technikaikiallitas.hu\/wp-content\/uploads\/2023\/07\/A07-1.jpg\"><img decoding=\"async\" alt=\"\" width=\"300\" height=\"199\" loading=\"lazy\" src=\"https:\/\/technikaikiallitas.hu\/wp-content\/uploads\/2023\/07\/A07-1-300x199.jpg\" srcset=\"https:\/\/technikaikiallitas.hu\/wp-content\/uploads\/2023\/07\/A07-1-300x199.jpg 300w,https:\/\/technikaikiallitas.hu\/wp-content\/uploads\/2023\/07\/A07-1.jpg 1023w\" sizes=\"auto, 250px\"\/><\/a><\/div><div class=\"sgb-item\"><a href=\"https:\/\/technikaikiallitas.hu\/wp-content\/uploads\/2023\/07\/F10.jpg\"><img decoding=\"async\" alt=\"\" width=\"300\" height=\"234\" loading=\"lazy\" src=\"https:\/\/technikaikiallitas.hu\/wp-content\/uploads\/2023\/07\/F10-300x234.jpg\" srcset=\"https:\/\/technikaikiallitas.hu\/wp-content\/uploads\/2023\/07\/F10-300x234.jpg 300w,https:\/\/technikaikiallitas.hu\/wp-content\/uploads\/2023\/07\/F10.jpg 954w\" sizes=\"auto, 250px\"\/><\/a><\/div><div class=\"sgb-item\"><a href=\"https:\/\/technikaikiallitas.hu\/wp-content\/uploads\/2023\/07\/L12.jpg\"><img decoding=\"async\" alt=\"\" width=\"235\" height=\"300\" loading=\"lazy\" src=\"https:\/\/technikaikiallitas.hu\/wp-content\/uploads\/2023\/07\/L12-235x300.jpg\" srcset=\"https:\/\/technikaikiallitas.hu\/wp-content\/uploads\/2023\/07\/L12-235x300.jpg 235w,https:\/\/technikaikiallitas.hu\/wp-content\/uploads\/2023\/07\/L12.jpg 582w\" sizes=\"auto, 250px\"\/><\/a><\/div><\/div><\/div><script type=\"application\/json\" class=\"sgb-data\">{\"sliderAdminWidth\":840,\"autoPlay\":true,\"galleryType\":\"pgc_sgb_slider\",\"galleryId\":\"37a00551\",\"images\":[{\"id\":268,\"title\":\"D10\",\"url\":\"https:\/\/technikaikiallitas.hu\/wp-content\/uploads\/2023\/07\/D10.jpg\",\"link\":\"https:\/\/technikaikiallitas.hu\/?attachment_id=268\",\"alt\":\"\",\"description\":\"\",\"caption\":\"\",\"mime\":\"image\/jpeg\",\"type\":\"image\",\"width\":1184,\"height\":824,\"sizes\":{\"thumbnail\":{\"height\":150,\"width\":150,\"url\":\"https:\/\/technikaikiallitas.hu\/wp-content\/uploads\/2023\/07\/D10-150x150.jpg\",\"orientation\":\"landscape\"},\"medium\":{\"height\":209,\"width\":300,\"url\":\"https:\/\/technikaikiallitas.hu\/wp-content\/uploads\/2023\/07\/D10-300x209.jpg\",\"orientation\":\"landscape\"},\"large\":{\"height\":713,\"width\":1024,\"url\":\"https:\/\/technikaikiallitas.hu\/wp-content\/uploads\/2023\/07\/D10-1024x713.jpg\",\"orientation\":\"landscape\"},\"full\":{\"url\":\"https:\/\/technikaikiallitas.hu\/wp-content\/uploads\/2023\/07\/D10.jpg\",\"height\":824,\"width\":1184,\"orientation\":\"landscape\"}},\"imageMeta\":{\"aperture\":\"0\",\"credit\":\"\",\"camera\":\"\",\"caption\":\"\",\"created_timestamp\":\"0\",\"copyright\":\"\",\"focal_length\":\"0\",\"iso\":\"0\",\"shutter_speed\":\"0\",\"title\":\"\",\"orientation\":\"0\",\"keywords\":[]},\"meta\":false},{\"id\":247,\"title\":\"G02\",\"url\":\"https:\/\/technikaikiallitas.hu\/wp-content\/uploads\/2023\/07\/G02.jpg\",\"link\":\"https:\/\/technikaikiallitas.hu\/?attachment_id=247\",\"alt\":\"\",\"description\":\"\",\"caption\":\"\",\"mime\":\"image\/jpeg\",\"type\":\"image\",\"width\":978,\"height\":972,\"sizes\":{\"thumbnail\":{\"height\":150,\"width\":150,\"url\":\"https:\/\/technikaikiallitas.hu\/wp-content\/uploads\/2023\/07\/G02-150x150.jpg\",\"orientation\":\"landscape\"},\"medium\":{\"height\":298,\"width\":300,\"url\":\"https:\/\/technikaikiallitas.hu\/wp-content\/uploads\/2023\/07\/G02-300x298.jpg\",\"orientation\":\"landscape\"},\"full\":{\"url\":\"https:\/\/technikaikiallitas.hu\/wp-content\/uploads\/2023\/07\/G02.jpg\",\"height\":972,\"width\":978,\"orientation\":\"landscape\"}},\"imageMeta\":{\"aperture\":\"0\",\"credit\":\"\",\"camera\":\"\",\"caption\":\"\",\"created_timestamp\":\"0\",\"copyright\":\"\",\"focal_length\":\"0\",\"iso\":\"0\",\"shutter_speed\":\"0\",\"title\":\"\",\"orientation\":\"0\",\"keywords\":[]},\"meta\":false},{\"id\":266,\"title\":\"D08\",\"url\":\"https:\/\/technikaikiallitas.hu\/wp-content\/uploads\/2023\/07\/D08.jpg\",\"link\":\"https:\/\/technikaikiallitas.hu\/?attachment_id=266\",\"alt\":\"\",\"description\":\"\",\"caption\":\"\",\"mime\":\"image\/jpeg\",\"type\":\"image\",\"width\":718,\"height\":506,\"sizes\":{\"thumbnail\":{\"height\":150,\"width\":150,\"url\":\"https:\/\/technikaikiallitas.hu\/wp-content\/uploads\/2023\/07\/D08-150x150.jpg\",\"orientation\":\"landscape\"},\"medium\":{\"height\":211,\"width\":300,\"url\":\"https:\/\/technikaikiallitas.hu\/wp-content\/uploads\/2023\/07\/D08-300x211.jpg\",\"orientation\":\"landscape\"},\"full\":{\"url\":\"https:\/\/technikaikiallitas.hu\/wp-content\/uploads\/2023\/07\/D08.jpg\",\"height\":506,\"width\":718,\"orientation\":\"landscape\"}},\"imageMeta\":{\"aperture\":\"0\",\"credit\":\"\",\"camera\":\"\",\"caption\":\"\",\"created_timestamp\":\"0\",\"copyright\":\"\",\"focal_length\":\"0\",\"iso\":\"0\",\"shutter_speed\":\"0\",\"title\":\"\",\"orientation\":\"0\",\"keywords\":[]},\"meta\":false},{\"id\":256,\"title\":\"G11\",\"url\":\"https:\/\/technikaikiallitas.hu\/wp-content\/uploads\/2023\/07\/G11.jpg\",\"link\":\"https:\/\/technikaikiallitas.hu\/?attachment_id=256\",\"alt\":\"\",\"description\":\"\",\"caption\":\"\",\"mime\":\"image\/jpeg\",\"type\":\"image\",\"width\":748,\"height\":502,\"sizes\":{\"thumbnail\":{\"height\":150,\"width\":150,\"url\":\"https:\/\/technikaikiallitas.hu\/wp-content\/uploads\/2023\/07\/G11-150x150.jpg\",\"orientation\":\"landscape\"},\"medium\":{\"height\":201,\"width\":300,\"url\":\"https:\/\/technikaikiallitas.hu\/wp-content\/uploads\/2023\/07\/G11-300x201.jpg\",\"orientation\":\"landscape\"},\"full\":{\"url\":\"https:\/\/technikaikiallitas.hu\/wp-content\/uploads\/2023\/07\/G11.jpg\",\"height\":502,\"width\":748,\"orientation\":\"landscape\"}},\"imageMeta\":{\"aperture\":\"0\",\"credit\":\"\",\"camera\":\"\",\"caption\":\"\",\"created_timestamp\":\"0\",\"copyright\":\"\",\"focal_length\":\"0\",\"iso\":\"0\",\"shutter_speed\":\"0\",\"title\":\"\",\"orientation\":\"0\",\"keywords\":[]},\"meta\":false},{\"id\":240,\"title\":\"B08\",\"url\":\"https:\/\/technikaikiallitas.hu\/wp-content\/uploads\/2023\/07\/B08.jpg\",\"link\":\"https:\/\/technikaikiallitas.hu\/?attachment_id=240\",\"alt\":\"\",\"description\":\"\",\"caption\":\"\",\"mime\":\"image\/jpeg\",\"type\":\"image\",\"width\":347,\"height\":432,\"sizes\":{\"thumbnail\":{\"height\":150,\"width\":150,\"url\":\"https:\/\/technikaikiallitas.hu\/wp-content\/uploads\/2023\/07\/B08-150x150.jpg\",\"orientation\":\"landscape\"},\"medium\":{\"height\":300,\"width\":241,\"url\":\"https:\/\/technikaikiallitas.hu\/wp-content\/uploads\/2023\/07\/B08-241x300.jpg\",\"orientation\":\"portrait\"},\"full\":{\"url\":\"https:\/\/technikaikiallitas.hu\/wp-content\/uploads\/2023\/07\/B08.jpg\",\"height\":432,\"width\":347,\"orientation\":\"portrait\"}},\"imageMeta\":{\"aperture\":\"0\",\"credit\":\"\",\"camera\":\"\",\"caption\":\"\",\"created_timestamp\":\"0\",\"copyright\":\"\",\"focal_length\":\"0\",\"iso\":\"0\",\"shutter_speed\":\"0\",\"title\":\"\",\"orientation\":\"0\",\"keywords\":[]},\"meta\":false},{\"id\":229,\"title\":\"K10\",\"url\":\"https:\/\/technikaikiallitas.hu\/wp-content\/uploads\/2023\/07\/K10.jpg\",\"link\":\"https:\/\/technikaikiallitas.hu\/?attachment_id=229\",\"alt\":\"\",\"description\":\"\",\"caption\":\"\",\"mime\":\"image\/jpeg\",\"type\":\"image\",\"width\":1078,\"height\":872,\"sizes\":{\"thumbnail\":{\"height\":150,\"width\":150,\"url\":\"https:\/\/technikaikiallitas.hu\/wp-content\/uploads\/2023\/07\/K10-150x150.jpg\",\"orientation\":\"landscape\"},\"medium\":{\"height\":243,\"width\":300,\"url\":\"https:\/\/technikaikiallitas.hu\/wp-content\/uploads\/2023\/07\/K10-300x243.jpg\",\"orientation\":\"landscape\"},\"large\":{\"height\":828,\"width\":1024,\"url\":\"https:\/\/technikaikiallitas.hu\/wp-content\/uploads\/2023\/07\/K10-1024x828.jpg\",\"orientation\":\"landscape\"},\"full\":{\"url\":\"https:\/\/technikaikiallitas.hu\/wp-content\/uploads\/2023\/07\/K10.jpg\",\"height\":872,\"width\":1078,\"orientation\":\"landscape\"}},\"imageMeta\":{\"aperture\":\"0\",\"credit\":\"\",\"camera\":\"\",\"caption\":\"\",\"created_timestamp\":\"0\",\"copyright\":\"\",\"focal_length\":\"0\",\"iso\":\"0\",\"shutter_speed\":\"0\",\"title\":\"\",\"orientation\":\"0\",\"keywords\":[]},\"meta\":false},{\"id\":213,\"title\":\"A07\",\"url\":\"https:\/\/technikaikiallitas.hu\/wp-content\/uploads\/2023\/07\/A07-1.jpg\",\"link\":\"https:\/\/technikaikiallitas.hu\/?attachment_id=213\",\"alt\":\"\",\"description\":\"\",\"caption\":\"\",\"mime\":\"image\/jpeg\",\"type\":\"image\",\"width\":1023,\"height\":679,\"sizes\":{\"thumbnail\":{\"height\":150,\"width\":150,\"url\":\"https:\/\/technikaikiallitas.hu\/wp-content\/uploads\/2023\/07\/A07-1-150x150.jpg\",\"orientation\":\"landscape\"},\"medium\":{\"height\":199,\"width\":300,\"url\":\"https:\/\/technikaikiallitas.hu\/wp-content\/uploads\/2023\/07\/A07-1-300x199.jpg\",\"orientation\":\"landscape\"},\"full\":{\"url\":\"https:\/\/technikaikiallitas.hu\/wp-content\/uploads\/2023\/07\/A07-1.jpg\",\"height\":679,\"width\":1023,\"orientation\":\"landscape\"}},\"imageMeta\":{\"aperture\":\"0\",\"credit\":\"\",\"camera\":\"\",\"caption\":\"\",\"created_timestamp\":\"0\",\"copyright\":\"\",\"focal_length\":\"0\",\"iso\":\"0\",\"shutter_speed\":\"0\",\"title\":\"\",\"orientation\":\"0\",\"keywords\":[]},\"meta\":false},{\"id\":202,\"title\":\"F10\",\"url\":\"https:\/\/technikaikiallitas.hu\/wp-content\/uploads\/2023\/07\/F10.jpg\",\"link\":\"https:\/\/technikaikiallitas.hu\/?attachment_id=202\",\"alt\":\"\",\"description\":\"\",\"caption\":\"\",\"mime\":\"image\/jpeg\",\"type\":\"image\",\"width\":954,\"height\":743,\"sizes\":{\"thumbnail\":{\"height\":150,\"width\":150,\"url\":\"https:\/\/technikaikiallitas.hu\/wp-content\/uploads\/2023\/07\/F10-150x150.jpg\",\"orientation\":\"landscape\"},\"medium\":{\"height\":234,\"width\":300,\"url\":\"https:\/\/technikaikiallitas.hu\/wp-content\/uploads\/2023\/07\/F10-300x234.jpg\",\"orientation\":\"landscape\"},\"full\":{\"url\":\"https:\/\/technikaikiallitas.hu\/wp-content\/uploads\/2023\/07\/F10.jpg\",\"height\":743,\"width\":954,\"orientation\":\"landscape\"}},\"imageMeta\":{\"aperture\":\"0\",\"credit\":\"\",\"camera\":\"\",\"caption\":\"\",\"created_timestamp\":\"0\",\"copyright\":\"\",\"focal_length\":\"0\",\"iso\":\"0\",\"shutter_speed\":\"0\",\"title\":\"\",\"orientation\":\"0\",\"keywords\":[]},\"meta\":false},{\"id\":190,\"title\":\"L12\",\"url\":\"https:\/\/technikaikiallitas.hu\/wp-content\/uploads\/2023\/07\/L12.jpg\",\"link\":\"https:\/\/technikaikiallitas.hu\/?attachment_id=190\",\"alt\":\"\",\"description\":\"\",\"caption\":\"\",\"mime\":\"image\/jpeg\",\"type\":\"image\",\"width\":582,\"height\":742,\"sizes\":{\"thumbnail\":{\"height\":150,\"width\":150,\"url\":\"https:\/\/technikaikiallitas.hu\/wp-content\/uploads\/2023\/07\/L12-150x150.jpg\",\"orientation\":\"landscape\"},\"medium\":{\"height\":300,\"width\":235,\"url\":\"https:\/\/technikaikiallitas.hu\/wp-content\/uploads\/2023\/07\/L12-235x300.jpg\",\"orientation\":\"portrait\"},\"full\":{\"url\":\"https:\/\/technikaikiallitas.hu\/wp-content\/uploads\/2023\/07\/L12.jpg\",\"height\":742,\"width\":582,\"orientation\":\"portrait\"}},\"imageMeta\":{\"aperture\":\"0\",\"credit\":\"\",\"camera\":\"\",\"caption\":\"\",\"created_timestamp\":\"0\",\"copyright\":\"\",\"focal_length\":\"0\",\"iso\":\"0\",\"shutter_speed\":\"0\",\"title\":\"\",\"orientation\":\"0\",\"keywords\":[]},\"meta\":false}],\"itemsMetaDataCollection\":[],\"className\":\"animated backInRight\",\"hasCustomCSS\":false,\"customCSS\":\"\",\"otterConditions\":[]}<\/script><script>(function(){if(window.PGC_SGB && window.PGC_SGB.searcher){window.PGC_SGB.searcher.initBlocks()}})()<\/script><\/div>","protected":false},"excerpt":{"rendered":"","protected":false},"author":1,"featured_media":0,"parent":0,"menu_order":0,"comment_status":"closed","ping_status":"closed","template":"","meta":{"_eb_attr":"","_uag_custom_page_level_css":"","pgc_sgb_lightbox_settings":"","_themeisle_gutenberg_block_has_review":false,"footnotes":""},"class_list":["post-8","page","type-page","status-publish","hentry"],"yoast_head":"<!-- This site is optimized with the Yoast SEO plugin v20.12 - https:\/\/yoast.com\/wordpress\/plugins\/seo\/ -->\n<title>Gal\u00e9ria - Dunakeszi Technikai Ki\u00e1ll\u00edt\u00e1s<\/title>\n<meta name=\"robots\" content=\"index, follow, max-snippet:-1, max-image-preview:large, max-video-preview:-1\" \/>\n<link rel=\"canonical\" href=\"https:\/\/technikaikiallitas.hu\/?page_id=8\" \/>\n<meta property=\"og:locale\" content=\"hu_HU\" \/>\n<meta property=\"og:type\" content=\"article\" \/>\n<meta property=\"og:title\" content=\"Gal\u00e9ria - Dunakeszi Technikai Ki\u00e1ll\u00edt\u00e1s\" \/>\n<meta property=\"og:url\" content=\"https:\/\/technikaikiallitas.hu\/?page_id=8\" \/>\n<meta property=\"og:site_name\" content=\"Dunakeszi Technikai Ki\u00e1ll\u00edt\u00e1s\" \/>\n<meta property=\"article:modified_time\" content=\"2023-07-28T08:32:33+00:00\" \/>\n<meta property=\"og:image\" content=\"https:\/\/technikaikiallitas.hu\/wp-content\/uploads\/2023\/07\/D10-1024x713.jpg\" \/>\n<meta name=\"twitter:card\" content=\"summary_large_image\" \/>\n<meta name=\"twitter:label1\" content=\"Becs\u00fclt olvas\u00e1si id\u0151\" \/>\n\t<meta name=\"twitter:data1\" content=\"2 perc\" \/>\n<script type=\"application\/ld+json\" class=\"yoast-schema-graph\">{\"@context\":\"https:\/\/schema.org\",\"@graph\":[{\"@type\":\"WebPage\",\"@id\":\"https:\/\/technikaikiallitas.hu\/?page_id=8\",\"url\":\"https:\/\/technikaikiallitas.hu\/?page_id=8\",\"name\":\"Gal\u00e9ria - Dunakeszi Technikai Ki\u00e1ll\u00edt\u00e1s\",\"isPartOf\":{\"@id\":\"https:\/\/technikaikiallitas.hu\/#website\"},\"datePublished\":\"2023-07-28T07:06:08+00:00\",\"dateModified\":\"2023-07-28T08:32:33+00:00\",\"breadcrumb\":{\"@id\":\"https:\/\/technikaikiallitas.hu\/?page_id=8#breadcrumb\"},\"inLanguage\":\"hu\",\"potentialAction\":[{\"@type\":\"ReadAction\",\"target\":[\"https:\/\/technikaikiallitas.hu\/?page_id=8\"]}]},{\"@type\":\"BreadcrumbList\",\"@id\":\"https:\/\/technikaikiallitas.hu\/?page_id=8#breadcrumb\",\"itemListElement\":[{\"@type\":\"ListItem\",\"position\":1,\"name\":\"Kezd\u0151lap\",\"item\":\"https:\/\/technikaikiallitas.hu\/\"},{\"@type\":\"ListItem\",\"position\":2,\"name\":\"Gal\u00e9ria\"}]},{\"@type\":\"WebSite\",\"@id\":\"https:\/\/technikaikiallitas.hu\/#website\",\"url\":\"https:\/\/technikaikiallitas.hu\/\",\"name\":\"Dunakeszi Technikai Ki\u00e1ll\u00edt\u00e1s\",\"description\":\"\",\"publisher\":{\"@id\":\"https:\/\/technikaikiallitas.hu\/#organization\"},\"potentialAction\":[{\"@type\":\"SearchAction\",\"target\":{\"@type\":\"EntryPoint\",\"urlTemplate\":\"https:\/\/technikaikiallitas.hu\/?s={search_term_string}\"},\"query-input\":\"required name=search_term_string\"}],\"inLanguage\":\"hu\"},{\"@type\":\"Organization\",\"@id\":\"https:\/\/technikaikiallitas.hu\/#organization\",\"name\":\"Dunakeszi Technikai Ki\u00e1ll\u00edt\u00e1s\",\"url\":\"https:\/\/technikaikiallitas.hu\/\",\"logo\":{\"@type\":\"ImageObject\",\"inLanguage\":\"hu\",\"@id\":\"https:\/\/technikaikiallitas.hu\/#\/schema\/logo\/image\/\",\"url\":\"https:\/\/technikaikiallitas.hu\/wp-content\/uploads\/2023\/07\/cropped-DTK-logo-koruliras-nelkul-OK-e1690823193293.jpg\",\"contentUrl\":\"https:\/\/technikaikiallitas.hu\/wp-content\/uploads\/2023\/07\/cropped-DTK-logo-koruliras-nelkul-OK-e1690823193293.jpg\",\"width\":60,\"height\":86,\"caption\":\"Dunakeszi Technikai Ki\u00e1ll\u00edt\u00e1s\"},\"image\":{\"@id\":\"https:\/\/technikaikiallitas.hu\/#\/schema\/logo\/image\/\"}}]}<\/script>\n<!-- \/ Yoast SEO plugin. -->","yoast_head_json":{"title":"Gal\u00e9ria - Dunakeszi Technikai Ki\u00e1ll\u00edt\u00e1s","robots":{"index":"index","follow":"follow","max-snippet":"max-snippet:-1","max-image-preview":"max-image-preview:large","max-video-preview":"max-video-preview:-1"},"canonical":"https:\/\/technikaikiallitas.hu\/?page_id=8","og_locale":"hu_HU","og_type":"article","og_title":"Gal\u00e9ria - Dunakeszi Technikai Ki\u00e1ll\u00edt\u00e1s","og_url":"https:\/\/technikaikiallitas.hu\/?page_id=8","og_site_name":"Dunakeszi Technikai Ki\u00e1ll\u00edt\u00e1s","article_modified_time":"2023-07-28T08:32:33+00:00","og_image":[{"url":"https:\/\/technikaikiallitas.hu\/wp-content\/uploads\/2023\/07\/D10-1024x713.jpg"}],"twitter_card":"summary_large_image","twitter_misc":{"Becs\u00fclt olvas\u00e1si id\u0151":"2 perc"},"schema":{"@context":"https:\/\/schema.org","@graph":[{"@type":"WebPage","@id":"https:\/\/technikaikiallitas.hu\/?page_id=8","url":"https:\/\/technikaikiallitas.hu\/?page_id=8","name":"Gal\u00e9ria - Dunakeszi Technikai Ki\u00e1ll\u00edt\u00e1s","isPartOf":{"@id":"https:\/\/technikaikiallitas.hu\/#website"},"datePublished":"2023-07-28T07:06:08+00:00","dateModified":"2023-07-28T08:32:33+00:00","breadcrumb":{"@id":"https:\/\/technikaikiallitas.hu\/?page_id=8#breadcrumb"},"inLanguage":"hu","potentialAction":[{"@type":"ReadAction","target":["https:\/\/technikaikiallitas.hu\/?page_id=8"]}]},{"@type":"BreadcrumbList","@id":"https:\/\/technikaikiallitas.hu\/?page_id=8#breadcrumb","itemListElement":[{"@type":"ListItem","position":1,"name":"Kezd\u0151lap","item":"https:\/\/technikaikiallitas.hu\/"},{"@type":"ListItem","position":2,"name":"Gal\u00e9ria"}]},{"@type":"WebSite","@id":"https:\/\/technikaikiallitas.hu\/#website","url":"https:\/\/technikaikiallitas.hu\/","name":"Dunakeszi Technikai Ki\u00e1ll\u00edt\u00e1s","description":"","publisher":{"@id":"https:\/\/technikaikiallitas.hu\/#organization"},"potentialAction":[{"@type":"SearchAction","target":{"@type":"EntryPoint","urlTemplate":"https:\/\/technikaikiallitas.hu\/?s={search_term_string}"},"query-input":"required name=search_term_string"}],"inLanguage":"hu"},{"@type":"Organization","@id":"https:\/\/technikaikiallitas.hu\/#organization","name":"Dunakeszi Technikai Ki\u00e1ll\u00edt\u00e1s","url":"https:\/\/technikaikiallitas.hu\/","logo":{"@type":"ImageObject","inLanguage":"hu","@id":"https:\/\/technikaikiallitas.hu\/#\/schema\/logo\/image\/","url":"https:\/\/technikaikiallitas.hu\/wp-content\/uploads\/2023\/07\/cropped-DTK-logo-koruliras-nelkul-OK-e1690823193293.jpg","contentUrl":"https:\/\/technikaikiallitas.hu\/wp-content\/uploads\/2023\/07\/cropped-DTK-logo-koruliras-nelkul-OK-e1690823193293.jpg","width":60,"height":86,"caption":"Dunakeszi Technikai Ki\u00e1ll\u00edt\u00e1s"},"image":{"@id":"https:\/\/technikaikiallitas.hu\/#\/schema\/logo\/image\/"}}]}},"uagb_featured_image_src":{"full":false,"thumbnail":false,"medium":false,"medium_large":false,"large":false,"1536x1536":false,"2048x2048":false,"blossom-recipe-schema":false,"blossom-recipe-slider":false,"blossom-recipe-blog":false,"blossom-recipe-blog-one":false},"uagb_author_info":{"display_name":"admin","author_link":"https:\/\/technikaikiallitas.hu\/?author=1"},"uagb_comment_info":0,"uagb_excerpt":null,"_links":{"self":[{"href":"https:\/\/technikaikiallitas.hu\/index.php?rest_route=\/wp\/v2\/pages\/8","targetHints":{"allow":["GET"]}}],"collection":[{"href":"https:\/\/technikaikiallitas.hu\/index.php?rest_route=\/wp\/v2\/pages"}],"about":[{"href":"https:\/\/technikaikiallitas.hu\/index.php?rest_route=\/wp\/v2\/types\/page"}],"author":[{"embeddable":true,"href":"https:\/\/technikaikiallitas.hu\/index.php?rest_route=\/wp\/v2\/users\/1"}],"replies":[{"embeddable":true,"href":"https:\/\/technikaikiallitas.hu\/index.php?rest_route=%2Fwp%2Fv2%2Fcomments&post=8"}],"version-history":[{"count":5,"href":"https:\/\/technikaikiallitas.hu\/index.php?rest_route=\/wp\/v2\/pages\/8\/revisions"}],"predecessor-version":[{"id":278,"href":"https:\/\/technikaikiallitas.hu\/index.php?rest_route=\/wp\/v2\/pages\/8\/revisions\/278"}],"wp:attachment":[{"href":"https:\/\/technikaikiallitas.hu\/index.php?rest_route=%2Fwp%2Fv2%2Fmedia&parent=8"}],"curies":[{"name":"wp","href":"https:\/\/api.w.org\/{rel}","templated":true}]}}