{"id":36,"date":"2023-07-28T07:37:49","date_gmt":"2023-07-28T07:37:49","guid":{"rendered":"https:\/\/technikaikiallitas.hu\/?page_id=36"},"modified":"2023-07-28T08:15:30","modified_gmt":"2023-07-28T08:15:30","slug":"konyvtar","status":"publish","type":"page","link":"https:\/\/technikaikiallitas.hu\/?page_id=36","title":{"rendered":"K\u00f6nyvt\u00e1r"},"content":{"rendered":"<div class=\"pgc-sgb-cb wp-block-pgcsimplygalleryblock-masonry \" data-gallery-id=\"10b13313\"><div class=\"sgb-preloader\" id=\"pr_10b13313\">\n\t<div class=\"sgb-square\" style=\"background:#d4d4d4\"><\/div>\n\t<div class=\"sgb-square\" style=\"background:#d4d4d4\"><\/div>\n\t<div class=\"sgb-square\" style=\"background:#d4d4d4\"><\/div>\n\t<div class=\"sgb-square\" style=\"background:#d4d4d4\"><\/div><\/div><div class=\"simply-gallery-amp pgc_sgb_slider \" style=\"display: none;\"><div class=\"sgb-gallery\"><div class=\"sgb-item\"><a href=\"https:\/\/technikaikiallitas.hu\/?attachment_id=180\" target=\"_blank\"><img decoding=\"async\" alt=\"\" width=\"300\" height=\"216\" loading=\"lazy\" src=\"https:\/\/technikaikiallitas.hu\/wp-content\/uploads\/2023\/07\/L02-300x216.jpg\" srcset=\"https:\/\/technikaikiallitas.hu\/wp-content\/uploads\/2023\/07\/L02-300x216.jpg 300w,https:\/\/technikaikiallitas.hu\/wp-content\/uploads\/2023\/07\/L02.jpg 1023w\" sizes=\"auto, 250px\"\/><\/a><\/div><div class=\"sgb-item\"><a href=\"https:\/\/technikaikiallitas.hu\/?attachment_id=181\" target=\"_blank\"><img decoding=\"async\" alt=\"\" width=\"215\" height=\"300\" loading=\"lazy\" src=\"https:\/\/technikaikiallitas.hu\/wp-content\/uploads\/2023\/07\/L03-215x300.jpg\" srcset=\"https:\/\/technikaikiallitas.hu\/wp-content\/uploads\/2023\/07\/L03-215x300.jpg 215w,https:\/\/technikaikiallitas.hu\/wp-content\/uploads\/2023\/07\/L03.jpg 526w\" sizes=\"auto, 250px\"\/><\/a><\/div><div class=\"sgb-item\"><a href=\"https:\/\/technikaikiallitas.hu\/?attachment_id=182\" target=\"_blank\"><img decoding=\"async\" alt=\"\" width=\"300\" height=\"202\" loading=\"lazy\" src=\"https:\/\/technikaikiallitas.hu\/wp-content\/uploads\/2023\/07\/L04-300x202.jpg\" srcset=\"https:\/\/technikaikiallitas.hu\/wp-content\/uploads\/2023\/07\/L04-300x202.jpg 300w,https:\/\/technikaikiallitas.hu\/wp-content\/uploads\/2023\/07\/L04.jpg 811w\" sizes=\"auto, 250px\"\/><\/a><\/div><div class=\"sgb-item\"><a href=\"https:\/\/technikaikiallitas.hu\/?attachment_id=183\" target=\"_blank\"><img decoding=\"async\" alt=\"\" width=\"220\" height=\"300\" loading=\"lazy\" src=\"https:\/\/technikaikiallitas.hu\/wp-content\/uploads\/2023\/07\/L05-220x300.jpg\" srcset=\"https:\/\/technikaikiallitas.hu\/wp-content\/uploads\/2023\/07\/L05-220x300.jpg 220w,https:\/\/technikaikiallitas.hu\/wp-content\/uploads\/2023\/07\/L05.jpg 379w\" sizes=\"auto, 250px\"\/><\/a><\/div><div class=\"sgb-item\"><a href=\"https:\/\/technikaikiallitas.hu\/?attachment_id=184\" target=\"_blank\"><img decoding=\"async\" alt=\"\" width=\"300\" height=\"212\" loading=\"lazy\" src=\"https:\/\/technikaikiallitas.hu\/wp-content\/uploads\/2023\/07\/L06-300x212.jpg\" srcset=\"https:\/\/technikaikiallitas.hu\/wp-content\/uploads\/2023\/07\/L06-300x212.jpg 300w,https:\/\/technikaikiallitas.hu\/wp-content\/uploads\/2023\/07\/L06.jpg 676w\" sizes=\"auto, 250px\"\/><\/a><\/div><div class=\"sgb-item\"><a href=\"https:\/\/technikaikiallitas.hu\/?attachment_id=185\" target=\"_blank\"><img decoding=\"async\" alt=\"\" width=\"225\" height=\"300\" loading=\"lazy\" src=\"https:\/\/technikaikiallitas.hu\/wp-content\/uploads\/2023\/07\/L07-225x300.jpg\" srcset=\"https:\/\/technikaikiallitas.hu\/wp-content\/uploads\/2023\/07\/L07-225x300.jpg 225w,https:\/\/technikaikiallitas.hu\/wp-content\/uploads\/2023\/07\/L07.jpg 293w\" sizes=\"auto, 250px\"\/><\/a><\/div><div class=\"sgb-item\"><a href=\"https:\/\/technikaikiallitas.hu\/?attachment_id=186\" target=\"_blank\"><img decoding=\"async\" alt=\"\" width=\"300\" height=\"289\" loading=\"lazy\" src=\"https:\/\/technikaikiallitas.hu\/wp-content\/uploads\/2023\/07\/L08-300x289.jpg\" srcset=\"https:\/\/technikaikiallitas.hu\/wp-content\/uploads\/2023\/07\/L08-300x289.jpg 300w,https:\/\/technikaikiallitas.hu\/wp-content\/uploads\/2023\/07\/L08.jpg 669w\" sizes=\"auto, 250px\"\/><\/a><\/div><div class=\"sgb-item\"><a href=\"https:\/\/technikaikiallitas.hu\/?attachment_id=187\" target=\"_blank\"><img decoding=\"async\" alt=\"\" width=\"221\" height=\"300\" loading=\"lazy\" src=\"https:\/\/technikaikiallitas.hu\/wp-content\/uploads\/2023\/07\/L09-221x300.jpg\" srcset=\"https:\/\/technikaikiallitas.hu\/wp-content\/uploads\/2023\/07\/L09-221x300.jpg 221w,https:\/\/technikaikiallitas.hu\/wp-content\/uploads\/2023\/07\/L09.jpg 560w\" sizes=\"auto, 250px\"\/><\/a><\/div><div class=\"sgb-item\"><a href=\"https:\/\/technikaikiallitas.hu\/?attachment_id=188\" target=\"_blank\"><img decoding=\"async\" alt=\"\" width=\"222\" height=\"300\" loading=\"lazy\" src=\"https:\/\/technikaikiallitas.hu\/wp-content\/uploads\/2023\/07\/L10-222x300.jpg\" srcset=\"https:\/\/technikaikiallitas.hu\/wp-content\/uploads\/2023\/07\/L10-222x300.jpg 222w,https:\/\/technikaikiallitas.hu\/wp-content\/uploads\/2023\/07\/L10.jpg 464w\" sizes=\"auto, 250px\"\/><\/a><\/div><div class=\"sgb-item\"><a href=\"https:\/\/technikaikiallitas.hu\/?attachment_id=189\" target=\"_blank\"><img decoding=\"async\" alt=\"\" width=\"210\" height=\"300\" loading=\"lazy\" src=\"https:\/\/technikaikiallitas.hu\/wp-content\/uploads\/2023\/07\/L11-210x300.jpg\" srcset=\"https:\/\/technikaikiallitas.hu\/wp-content\/uploads\/2023\/07\/L11-210x300.jpg 210w,https:\/\/technikaikiallitas.hu\/wp-content\/uploads\/2023\/07\/L11.jpg 605w\" sizes=\"auto, 250px\"\/><\/a><\/div><div class=\"sgb-item\"><a href=\"https:\/\/technikaikiallitas.hu\/?attachment_id=190\" target=\"_blank\"><img decoding=\"async\" alt=\"\" width=\"235\" height=\"300\" loading=\"lazy\" src=\"https:\/\/technikaikiallitas.hu\/wp-content\/uploads\/2023\/07\/L12-235x300.jpg\" srcset=\"https:\/\/technikaikiallitas.hu\/wp-content\/uploads\/2023\/07\/L12-235x300.jpg 235w,https:\/\/technikaikiallitas.hu\/wp-content\/uploads\/2023\/07\/L12.jpg 582w\" sizes=\"auto, 250px\"\/><\/a><\/div><\/div><\/div><script type=\"application\/json\" class=\"sgb-data\">{\"galleryType\":\"pgc_sgb_masonry\",\"galleryId\":\"10b13313\",\"images\":[{\"id\":180,\"title\":\"L02\",\"url\":\"https:\/\/technikaikiallitas.hu\/wp-content\/uploads\/2023\/07\/L02.jpg\",\"link\":\"https:\/\/technikaikiallitas.hu\/?attachment_id=180\",\"alt\":\"\",\"description\":\"\",\"caption\":\"\",\"mime\":\"image\/jpeg\",\"type\":\"image\",\"width\":1023,\"height\":738,\"sizes\":{\"thumbnail\":{\"height\":150,\"width\":150,\"url\":\"https:\/\/technikaikiallitas.hu\/wp-content\/uploads\/2023\/07\/L02-150x150.jpg\",\"orientation\":\"landscape\"},\"medium\":{\"height\":216,\"width\":300,\"url\":\"https:\/\/technikaikiallitas.hu\/wp-content\/uploads\/2023\/07\/L02-300x216.jpg\",\"orientation\":\"landscape\"},\"full\":{\"url\":\"https:\/\/technikaikiallitas.hu\/wp-content\/uploads\/2023\/07\/L02.jpg\",\"height\":738,\"width\":1023,\"orientation\":\"landscape\"}},\"imageMeta\":{\"aperture\":\"0\",\"credit\":\"\",\"camera\":\"\",\"caption\":\"\",\"created_timestamp\":\"0\",\"copyright\":\"\",\"focal_length\":\"0\",\"iso\":\"0\",\"shutter_speed\":\"0\",\"title\":\"\",\"orientation\":\"0\",\"keywords\":[]},\"meta\":false,\"postlink\":\"https:\/\/technikaikiallitas.hu\/?attachment_id=180\"},{\"id\":181,\"title\":\"L03\",\"url\":\"https:\/\/technikaikiallitas.hu\/wp-content\/uploads\/2023\/07\/L03.jpg\",\"link\":\"https:\/\/technikaikiallitas.hu\/?attachment_id=181\",\"alt\":\"\",\"description\":\"\",\"caption\":\"\",\"mime\":\"image\/jpeg\",\"type\":\"image\",\"width\":526,\"height\":734,\"sizes\":{\"thumbnail\":{\"height\":150,\"width\":150,\"url\":\"https:\/\/technikaikiallitas.hu\/wp-content\/uploads\/2023\/07\/L03-150x150.jpg\",\"orientation\":\"landscape\"},\"medium\":{\"height\":300,\"width\":215,\"url\":\"https:\/\/technikaikiallitas.hu\/wp-content\/uploads\/2023\/07\/L03-215x300.jpg\",\"orientation\":\"portrait\"},\"full\":{\"url\":\"https:\/\/technikaikiallitas.hu\/wp-content\/uploads\/2023\/07\/L03.jpg\",\"height\":734,\"width\":526,\"orientation\":\"portrait\"}},\"imageMeta\":{\"aperture\":\"0\",\"credit\":\"\",\"camera\":\"\",\"caption\":\"\",\"created_timestamp\":\"0\",\"copyright\":\"\",\"focal_length\":\"0\",\"iso\":\"0\",\"shutter_speed\":\"0\",\"title\":\"\",\"orientation\":\"0\",\"keywords\":[]},\"meta\":false,\"postlink\":\"https:\/\/technikaikiallitas.hu\/?attachment_id=181\"},{\"id\":182,\"title\":\"L04\",\"url\":\"https:\/\/technikaikiallitas.hu\/wp-content\/uploads\/2023\/07\/L04.jpg\",\"link\":\"https:\/\/technikaikiallitas.hu\/?attachment_id=182\",\"alt\":\"\",\"description\":\"\",\"caption\":\"\",\"mime\":\"image\/jpeg\",\"type\":\"image\",\"width\":811,\"height\":546,\"sizes\":{\"thumbnail\":{\"height\":150,\"width\":150,\"url\":\"https:\/\/technikaikiallitas.hu\/wp-content\/uploads\/2023\/07\/L04-150x150.jpg\",\"orientation\":\"landscape\"},\"medium\":{\"height\":202,\"width\":300,\"url\":\"https:\/\/technikaikiallitas.hu\/wp-content\/uploads\/2023\/07\/L04-300x202.jpg\",\"orientation\":\"landscape\"},\"full\":{\"url\":\"https:\/\/technikaikiallitas.hu\/wp-content\/uploads\/2023\/07\/L04.jpg\",\"height\":546,\"width\":811,\"orientation\":\"landscape\"}},\"imageMeta\":{\"aperture\":\"0\",\"credit\":\"\",\"camera\":\"\",\"caption\":\"\",\"created_timestamp\":\"0\",\"copyright\":\"\",\"focal_length\":\"0\",\"iso\":\"0\",\"shutter_speed\":\"0\",\"title\":\"\",\"orientation\":\"0\",\"keywords\":[]},\"meta\":false,\"postlink\":\"https:\/\/technikaikiallitas.hu\/?attachment_id=182\"},{\"id\":183,\"title\":\"L05\",\"url\":\"https:\/\/technikaikiallitas.hu\/wp-content\/uploads\/2023\/07\/L05.jpg\",\"link\":\"https:\/\/technikaikiallitas.hu\/?attachment_id=183\",\"alt\":\"\",\"description\":\"\",\"caption\":\"\",\"mime\":\"image\/jpeg\",\"type\":\"image\",\"width\":379,\"height\":517,\"sizes\":{\"thumbnail\":{\"height\":150,\"width\":150,\"url\":\"https:\/\/technikaikiallitas.hu\/wp-content\/uploads\/2023\/07\/L05-150x150.jpg\",\"orientation\":\"landscape\"},\"medium\":{\"height\":300,\"width\":220,\"url\":\"https:\/\/technikaikiallitas.hu\/wp-content\/uploads\/2023\/07\/L05-220x300.jpg\",\"orientation\":\"portrait\"},\"full\":{\"url\":\"https:\/\/technikaikiallitas.hu\/wp-content\/uploads\/2023\/07\/L05.jpg\",\"height\":517,\"width\":379,\"orientation\":\"portrait\"}},\"imageMeta\":{\"aperture\":\"0\",\"credit\":\"\",\"camera\":\"\",\"caption\":\"\",\"created_timestamp\":\"0\",\"copyright\":\"\",\"focal_length\":\"0\",\"iso\":\"0\",\"shutter_speed\":\"0\",\"title\":\"\",\"orientation\":\"0\",\"keywords\":[]},\"meta\":false,\"postlink\":\"https:\/\/technikaikiallitas.hu\/?attachment_id=183\"},{\"id\":184,\"title\":\"L06\",\"url\":\"https:\/\/technikaikiallitas.hu\/wp-content\/uploads\/2023\/07\/L06.jpg\",\"link\":\"https:\/\/technikaikiallitas.hu\/?attachment_id=184\",\"alt\":\"\",\"description\":\"\",\"caption\":\"\",\"mime\":\"image\/jpeg\",\"type\":\"image\",\"width\":676,\"height\":478,\"sizes\":{\"thumbnail\":{\"height\":150,\"width\":150,\"url\":\"https:\/\/technikaikiallitas.hu\/wp-content\/uploads\/2023\/07\/L06-150x150.jpg\",\"orientation\":\"landscape\"},\"medium\":{\"height\":212,\"width\":300,\"url\":\"https:\/\/technikaikiallitas.hu\/wp-content\/uploads\/2023\/07\/L06-300x212.jpg\",\"orientation\":\"landscape\"},\"full\":{\"url\":\"https:\/\/technikaikiallitas.hu\/wp-content\/uploads\/2023\/07\/L06.jpg\",\"height\":478,\"width\":676,\"orientation\":\"landscape\"}},\"imageMeta\":{\"aperture\":\"0\",\"credit\":\"\",\"camera\":\"\",\"caption\":\"\",\"created_timestamp\":\"0\",\"copyright\":\"\",\"focal_length\":\"0\",\"iso\":\"0\",\"shutter_speed\":\"0\",\"title\":\"\",\"orientation\":\"0\",\"keywords\":[]},\"meta\":false,\"postlink\":\"https:\/\/technikaikiallitas.hu\/?attachment_id=184\"},{\"id\":185,\"title\":\"L07\",\"url\":\"https:\/\/technikaikiallitas.hu\/wp-content\/uploads\/2023\/07\/L07.jpg\",\"link\":\"https:\/\/technikaikiallitas.hu\/?attachment_id=185\",\"alt\":\"\",\"description\":\"\",\"caption\":\"\",\"mime\":\"image\/jpeg\",\"type\":\"image\",\"width\":293,\"height\":391,\"sizes\":{\"thumbnail\":{\"height\":150,\"width\":150,\"url\":\"https:\/\/technikaikiallitas.hu\/wp-content\/uploads\/2023\/07\/L07-150x150.jpg\",\"orientation\":\"landscape\"},\"medium\":{\"height\":300,\"width\":225,\"url\":\"https:\/\/technikaikiallitas.hu\/wp-content\/uploads\/2023\/07\/L07-225x300.jpg\",\"orientation\":\"portrait\"},\"full\":{\"url\":\"https:\/\/technikaikiallitas.hu\/wp-content\/uploads\/2023\/07\/L07.jpg\",\"height\":391,\"width\":293,\"orientation\":\"portrait\"}},\"imageMeta\":{\"aperture\":\"0\",\"credit\":\"\",\"camera\":\"\",\"caption\":\"\",\"created_timestamp\":\"0\",\"copyright\":\"\",\"focal_length\":\"0\",\"iso\":\"0\",\"shutter_speed\":\"0\",\"title\":\"\",\"orientation\":\"0\",\"keywords\":[]},\"meta\":false,\"postlink\":\"https:\/\/technikaikiallitas.hu\/?attachment_id=185\"},{\"id\":186,\"title\":\"L08\",\"url\":\"https:\/\/technikaikiallitas.hu\/wp-content\/uploads\/2023\/07\/L08.jpg\",\"link\":\"https:\/\/technikaikiallitas.hu\/?attachment_id=186\",\"alt\":\"\",\"description\":\"\",\"caption\":\"\",\"mime\":\"image\/jpeg\",\"type\":\"image\",\"width\":669,\"height\":644,\"sizes\":{\"thumbnail\":{\"height\":150,\"width\":150,\"url\":\"https:\/\/technikaikiallitas.hu\/wp-content\/uploads\/2023\/07\/L08-150x150.jpg\",\"orientation\":\"landscape\"},\"medium\":{\"height\":289,\"width\":300,\"url\":\"https:\/\/technikaikiallitas.hu\/wp-content\/uploads\/2023\/07\/L08-300x289.jpg\",\"orientation\":\"landscape\"},\"full\":{\"url\":\"https:\/\/technikaikiallitas.hu\/wp-content\/uploads\/2023\/07\/L08.jpg\",\"height\":644,\"width\":669,\"orientation\":\"landscape\"}},\"imageMeta\":{\"aperture\":\"0\",\"credit\":\"\",\"camera\":\"\",\"caption\":\"\",\"created_timestamp\":\"0\",\"copyright\":\"\",\"focal_length\":\"0\",\"iso\":\"0\",\"shutter_speed\":\"0\",\"title\":\"\",\"orientation\":\"0\",\"keywords\":[]},\"meta\":false,\"postlink\":\"https:\/\/technikaikiallitas.hu\/?attachment_id=186\"},{\"id\":187,\"title\":\"L09\",\"url\":\"https:\/\/technikaikiallitas.hu\/wp-content\/uploads\/2023\/07\/L09.jpg\",\"link\":\"https:\/\/technikaikiallitas.hu\/?attachment_id=187\",\"alt\":\"\",\"description\":\"\",\"caption\":\"\",\"mime\":\"image\/jpeg\",\"type\":\"image\",\"width\":560,\"height\":760,\"sizes\":{\"thumbnail\":{\"height\":150,\"width\":150,\"url\":\"https:\/\/technikaikiallitas.hu\/wp-content\/uploads\/2023\/07\/L09-150x150.jpg\",\"orientation\":\"landscape\"},\"medium\":{\"height\":300,\"width\":221,\"url\":\"https:\/\/technikaikiallitas.hu\/wp-content\/uploads\/2023\/07\/L09-221x300.jpg\",\"orientation\":\"portrait\"},\"full\":{\"url\":\"https:\/\/technikaikiallitas.hu\/wp-content\/uploads\/2023\/07\/L09.jpg\",\"height\":760,\"width\":560,\"orientation\":\"portrait\"}},\"imageMeta\":{\"aperture\":\"0\",\"credit\":\"\",\"camera\":\"\",\"caption\":\"\",\"created_timestamp\":\"0\",\"copyright\":\"\",\"focal_length\":\"0\",\"iso\":\"0\",\"shutter_speed\":\"0\",\"title\":\"\",\"orientation\":\"0\",\"keywords\":[]},\"meta\":false,\"postlink\":\"https:\/\/technikaikiallitas.hu\/?attachment_id=187\"},{\"id\":188,\"title\":\"L10\",\"url\":\"https:\/\/technikaikiallitas.hu\/wp-content\/uploads\/2023\/07\/L10.jpg\",\"link\":\"https:\/\/technikaikiallitas.hu\/?attachment_id=188\",\"alt\":\"\",\"description\":\"\",\"caption\":\"\",\"mime\":\"image\/jpeg\",\"type\":\"image\",\"width\":464,\"height\":626,\"sizes\":{\"thumbnail\":{\"height\":150,\"width\":150,\"url\":\"https:\/\/technikaikiallitas.hu\/wp-content\/uploads\/2023\/07\/L10-150x150.jpg\",\"orientation\":\"landscape\"},\"medium\":{\"height\":300,\"width\":222,\"url\":\"https:\/\/technikaikiallitas.hu\/wp-content\/uploads\/2023\/07\/L10-222x300.jpg\",\"orientation\":\"portrait\"},\"full\":{\"url\":\"https:\/\/technikaikiallitas.hu\/wp-content\/uploads\/2023\/07\/L10.jpg\",\"height\":626,\"width\":464,\"orientation\":\"portrait\"}},\"imageMeta\":{\"aperture\":\"0\",\"credit\":\"\",\"camera\":\"\",\"caption\":\"\",\"created_timestamp\":\"0\",\"copyright\":\"\",\"focal_length\":\"0\",\"iso\":\"0\",\"shutter_speed\":\"0\",\"title\":\"\",\"orientation\":\"0\",\"keywords\":[]},\"meta\":false,\"postlink\":\"https:\/\/technikaikiallitas.hu\/?attachment_id=188\"},{\"id\":189,\"title\":\"L11\",\"url\":\"https:\/\/technikaikiallitas.hu\/wp-content\/uploads\/2023\/07\/L11.jpg\",\"link\":\"https:\/\/technikaikiallitas.hu\/?attachment_id=189\",\"alt\":\"\",\"description\":\"\",\"caption\":\"\",\"mime\":\"image\/jpeg\",\"type\":\"image\",\"width\":605,\"height\":864,\"sizes\":{\"thumbnail\":{\"height\":150,\"width\":150,\"url\":\"https:\/\/technikaikiallitas.hu\/wp-content\/uploads\/2023\/07\/L11-150x150.jpg\",\"orientation\":\"landscape\"},\"medium\":{\"height\":300,\"width\":210,\"url\":\"https:\/\/technikaikiallitas.hu\/wp-content\/uploads\/2023\/07\/L11-210x300.jpg\",\"orientation\":\"portrait\"},\"full\":{\"url\":\"https:\/\/technikaikiallitas.hu\/wp-content\/uploads\/2023\/07\/L11.jpg\",\"height\":864,\"width\":605,\"orientation\":\"portrait\"}},\"imageMeta\":{\"aperture\":\"0\",\"credit\":\"\",\"camera\":\"\",\"caption\":\"\",\"created_timestamp\":\"0\",\"copyright\":\"\",\"focal_length\":\"0\",\"iso\":\"0\",\"shutter_speed\":\"0\",\"title\":\"\",\"orientation\":\"0\",\"keywords\":[]},\"meta\":false,\"postlink\":\"https:\/\/technikaikiallitas.hu\/?attachment_id=189\"},{\"id\":190,\"title\":\"L12\",\"url\":\"https:\/\/technikaikiallitas.hu\/wp-content\/uploads\/2023\/07\/L12.jpg\",\"link\":\"https:\/\/technikaikiallitas.hu\/?attachment_id=190\",\"alt\":\"\",\"description\":\"\",\"caption\":\"\",\"mime\":\"image\/jpeg\",\"type\":\"image\",\"width\":582,\"height\":742,\"sizes\":{\"thumbnail\":{\"height\":150,\"width\":150,\"url\":\"https:\/\/technikaikiallitas.hu\/wp-content\/uploads\/2023\/07\/L12-150x150.jpg\",\"orientation\":\"landscape\"},\"medium\":{\"height\":300,\"width\":235,\"url\":\"https:\/\/technikaikiallitas.hu\/wp-content\/uploads\/2023\/07\/L12-235x300.jpg\",\"orientation\":\"portrait\"},\"full\":{\"url\":\"https:\/\/technikaikiallitas.hu\/wp-content\/uploads\/2023\/07\/L12.jpg\",\"height\":742,\"width\":582,\"orientation\":\"portrait\"}},\"imageMeta\":{\"aperture\":\"0\",\"credit\":\"\",\"camera\":\"\",\"caption\":\"\",\"created_timestamp\":\"0\",\"copyright\":\"\",\"focal_length\":\"0\",\"iso\":\"0\",\"shutter_speed\":\"0\",\"title\":\"\",\"orientation\":\"0\",\"keywords\":[]},\"meta\":false,\"postlink\":\"https:\/\/technikaikiallitas.hu\/?attachment_id=190\"}],\"itemsMetaDataCollection\":[],\"hasCustomCSS\":false,\"customCSS\":\"\",\"otterConditions\":[]}<\/script><script>(function(){if(window.PGC_SGB && window.PGC_SGB.searcher){window.PGC_SGB.searcher.initBlocks()}})()<\/script><\/div>","protected":false},"excerpt":{"rendered":"","protected":false},"author":1,"featured_media":0,"parent":8,"menu_order":0,"comment_status":"closed","ping_status":"closed","template":"","meta":{"_eb_attr":"","_uag_custom_page_level_css":"","pgc_sgb_lightbox_settings":"","_themeisle_gutenberg_block_has_review":false,"footnotes":""},"class_list":["post-36","page","type-page","status-publish","hentry"],"yoast_head":"<!-- This site is optimized with the Yoast SEO plugin v20.12 - https:\/\/yoast.com\/wordpress\/plugins\/seo\/ -->\n<title>K\u00f6nyvt\u00e1r - Dunakeszi Technikai Ki\u00e1ll\u00edt\u00e1s<\/title>\n<meta name=\"robots\" content=\"index, follow, max-snippet:-1, max-image-preview:large, max-video-preview:-1\" \/>\n<link rel=\"canonical\" href=\"https:\/\/technikaikiallitas.hu\/?page_id=36\" \/>\n<meta property=\"og:locale\" content=\"hu_HU\" \/>\n<meta property=\"og:type\" content=\"article\" \/>\n<meta property=\"og:title\" content=\"K\u00f6nyvt\u00e1r - Dunakeszi Technikai Ki\u00e1ll\u00edt\u00e1s\" \/>\n<meta property=\"og:url\" content=\"https:\/\/technikaikiallitas.hu\/?page_id=36\" \/>\n<meta property=\"og:site_name\" content=\"Dunakeszi Technikai Ki\u00e1ll\u00edt\u00e1s\" \/>\n<meta property=\"article:modified_time\" content=\"2023-07-28T08:15:30+00:00\" \/>\n<meta property=\"og:image\" content=\"https:\/\/technikaikiallitas.hu\/wp-content\/uploads\/2023\/07\/L02.jpg\" \/>\n<meta name=\"twitter:card\" content=\"summary_large_image\" \/>\n<meta name=\"twitter:label1\" content=\"Becs\u00fclt olvas\u00e1si id\u0151\" \/>\n\t<meta name=\"twitter:data1\" content=\"3 perc\" \/>\n<script type=\"application\/ld+json\" class=\"yoast-schema-graph\">{\"@context\":\"https:\/\/schema.org\",\"@graph\":[{\"@type\":\"WebPage\",\"@id\":\"https:\/\/technikaikiallitas.hu\/?page_id=36\",\"url\":\"https:\/\/technikaikiallitas.hu\/?page_id=36\",\"name\":\"K\u00f6nyvt\u00e1r - Dunakeszi Technikai Ki\u00e1ll\u00edt\u00e1s\",\"isPartOf\":{\"@id\":\"https:\/\/technikaikiallitas.hu\/#website\"},\"datePublished\":\"2023-07-28T07:37:49+00:00\",\"dateModified\":\"2023-07-28T08:15:30+00:00\",\"breadcrumb\":{\"@id\":\"https:\/\/technikaikiallitas.hu\/?page_id=36#breadcrumb\"},\"inLanguage\":\"hu\",\"potentialAction\":[{\"@type\":\"ReadAction\",\"target\":[\"https:\/\/technikaikiallitas.hu\/?page_id=36\"]}]},{\"@type\":\"BreadcrumbList\",\"@id\":\"https:\/\/technikaikiallitas.hu\/?page_id=36#breadcrumb\",\"itemListElement\":[{\"@type\":\"ListItem\",\"position\":1,\"name\":\"Kezd\u0151lap\",\"item\":\"https:\/\/technikaikiallitas.hu\/\"},{\"@type\":\"ListItem\",\"position\":2,\"name\":\"Gal\u00e9ria\",\"item\":\"https:\/\/technikaikiallitas.hu\/?page_id=8\"},{\"@type\":\"ListItem\",\"position\":3,\"name\":\"K\u00f6nyvt\u00e1r\"}]},{\"@type\":\"WebSite\",\"@id\":\"https:\/\/technikaikiallitas.hu\/#website\",\"url\":\"https:\/\/technikaikiallitas.hu\/\",\"name\":\"Dunakeszi Technikai Ki\u00e1ll\u00edt\u00e1s\",\"description\":\"\",\"publisher\":{\"@id\":\"https:\/\/technikaikiallitas.hu\/#organization\"},\"potentialAction\":[{\"@type\":\"SearchAction\",\"target\":{\"@type\":\"EntryPoint\",\"urlTemplate\":\"https:\/\/technikaikiallitas.hu\/?s={search_term_string}\"},\"query-input\":\"required name=search_term_string\"}],\"inLanguage\":\"hu\"},{\"@type\":\"Organization\",\"@id\":\"https:\/\/technikaikiallitas.hu\/#organization\",\"name\":\"Dunakeszi Technikai Ki\u00e1ll\u00edt\u00e1s\",\"url\":\"https:\/\/technikaikiallitas.hu\/\",\"logo\":{\"@type\":\"ImageObject\",\"inLanguage\":\"hu\",\"@id\":\"https:\/\/technikaikiallitas.hu\/#\/schema\/logo\/image\/\",\"url\":\"https:\/\/technikaikiallitas.hu\/wp-content\/uploads\/2023\/07\/cropped-DTK-logo-koruliras-nelkul-OK-e1690823193293.jpg\",\"contentUrl\":\"https:\/\/technikaikiallitas.hu\/wp-content\/uploads\/2023\/07\/cropped-DTK-logo-koruliras-nelkul-OK-e1690823193293.jpg\",\"width\":60,\"height\":86,\"caption\":\"Dunakeszi Technikai Ki\u00e1ll\u00edt\u00e1s\"},\"image\":{\"@id\":\"https:\/\/technikaikiallitas.hu\/#\/schema\/logo\/image\/\"}}]}<\/script>\n<!-- \/ Yoast SEO plugin. -->","yoast_head_json":{"title":"K\u00f6nyvt\u00e1r - Dunakeszi Technikai Ki\u00e1ll\u00edt\u00e1s","robots":{"index":"index","follow":"follow","max-snippet":"max-snippet:-1","max-image-preview":"max-image-preview:large","max-video-preview":"max-video-preview:-1"},"canonical":"https:\/\/technikaikiallitas.hu\/?page_id=36","og_locale":"hu_HU","og_type":"article","og_title":"K\u00f6nyvt\u00e1r - Dunakeszi Technikai Ki\u00e1ll\u00edt\u00e1s","og_url":"https:\/\/technikaikiallitas.hu\/?page_id=36","og_site_name":"Dunakeszi Technikai Ki\u00e1ll\u00edt\u00e1s","article_modified_time":"2023-07-28T08:15:30+00:00","og_image":[{"url":"https:\/\/technikaikiallitas.hu\/wp-content\/uploads\/2023\/07\/L02.jpg"}],"twitter_card":"summary_large_image","twitter_misc":{"Becs\u00fclt olvas\u00e1si id\u0151":"3 perc"},"schema":{"@context":"https:\/\/schema.org","@graph":[{"@type":"WebPage","@id":"https:\/\/technikaikiallitas.hu\/?page_id=36","url":"https:\/\/technikaikiallitas.hu\/?page_id=36","name":"K\u00f6nyvt\u00e1r - Dunakeszi Technikai Ki\u00e1ll\u00edt\u00e1s","isPartOf":{"@id":"https:\/\/technikaikiallitas.hu\/#website"},"datePublished":"2023-07-28T07:37:49+00:00","dateModified":"2023-07-28T08:15:30+00:00","breadcrumb":{"@id":"https:\/\/technikaikiallitas.hu\/?page_id=36#breadcrumb"},"inLanguage":"hu","potentialAction":[{"@type":"ReadAction","target":["https:\/\/technikaikiallitas.hu\/?page_id=36"]}]},{"@type":"BreadcrumbList","@id":"https:\/\/technikaikiallitas.hu\/?page_id=36#breadcrumb","itemListElement":[{"@type":"ListItem","position":1,"name":"Kezd\u0151lap","item":"https:\/\/technikaikiallitas.hu\/"},{"@type":"ListItem","position":2,"name":"Gal\u00e9ria","item":"https:\/\/technikaikiallitas.hu\/?page_id=8"},{"@type":"ListItem","position":3,"name":"K\u00f6nyvt\u00e1r"}]},{"@type":"WebSite","@id":"https:\/\/technikaikiallitas.hu\/#website","url":"https:\/\/technikaikiallitas.hu\/","name":"Dunakeszi Technikai Ki\u00e1ll\u00edt\u00e1s","description":"","publisher":{"@id":"https:\/\/technikaikiallitas.hu\/#organization"},"potentialAction":[{"@type":"SearchAction","target":{"@type":"EntryPoint","urlTemplate":"https:\/\/technikaikiallitas.hu\/?s={search_term_string}"},"query-input":"required name=search_term_string"}],"inLanguage":"hu"},{"@type":"Organization","@id":"https:\/\/technikaikiallitas.hu\/#organization","name":"Dunakeszi Technikai Ki\u00e1ll\u00edt\u00e1s","url":"https:\/\/technikaikiallitas.hu\/","logo":{"@type":"ImageObject","inLanguage":"hu","@id":"https:\/\/technikaikiallitas.hu\/#\/schema\/logo\/image\/","url":"https:\/\/technikaikiallitas.hu\/wp-content\/uploads\/2023\/07\/cropped-DTK-logo-koruliras-nelkul-OK-e1690823193293.jpg","contentUrl":"https:\/\/technikaikiallitas.hu\/wp-content\/uploads\/2023\/07\/cropped-DTK-logo-koruliras-nelkul-OK-e1690823193293.jpg","width":60,"height":86,"caption":"Dunakeszi Technikai Ki\u00e1ll\u00edt\u00e1s"},"image":{"@id":"https:\/\/technikaikiallitas.hu\/#\/schema\/logo\/image\/"}}]}},"uagb_featured_image_src":{"full":false,"thumbnail":false,"medium":false,"medium_large":false,"large":false,"1536x1536":false,"2048x2048":false,"blossom-recipe-schema":false,"blossom-recipe-slider":false,"blossom-recipe-blog":false,"blossom-recipe-blog-one":false},"uagb_author_info":{"display_name":"admin","author_link":"https:\/\/technikaikiallitas.hu\/?author=1"},"uagb_comment_info":0,"uagb_excerpt":null,"_links":{"self":[{"href":"https:\/\/technikaikiallitas.hu\/index.php?rest_route=\/wp\/v2\/pages\/36","targetHints":{"allow":["GET"]}}],"collection":[{"href":"https:\/\/technikaikiallitas.hu\/index.php?rest_route=\/wp\/v2\/pages"}],"about":[{"href":"https:\/\/technikaikiallitas.hu\/index.php?rest_route=\/wp\/v2\/types\/page"}],"author":[{"embeddable":true,"href":"https:\/\/technikaikiallitas.hu\/index.php?rest_route=\/wp\/v2\/users\/1"}],"replies":[{"embeddable":true,"href":"https:\/\/technikaikiallitas.hu\/index.php?rest_route=%2Fwp%2Fv2%2Fcomments&post=36"}],"version-history":[{"count":2,"href":"https:\/\/technikaikiallitas.hu\/index.php?rest_route=\/wp\/v2\/pages\/36\/revisions"}],"predecessor-version":[{"id":192,"href":"https:\/\/technikaikiallitas.hu\/index.php?rest_route=\/wp\/v2\/pages\/36\/revisions\/192"}],"up":[{"embeddable":true,"href":"https:\/\/technikaikiallitas.hu\/index.php?rest_route=\/wp\/v2\/pages\/8"}],"wp:attachment":[{"href":"https:\/\/technikaikiallitas.hu\/index.php?rest_route=%2Fwp%2Fv2%2Fmedia&parent=36"}],"curies":[{"name":"wp","href":"https:\/\/api.w.org\/{rel}","templated":true}]}}