{"id":317,"date":"2023-07-31T17:26:03","date_gmt":"2023-07-31T17:26:03","guid":{"rendered":"https:\/\/technikaikiallitas.hu\/?page_id=317"},"modified":"2025-04-24T11:02:09","modified_gmt":"2025-04-24T11:02:09","slug":"arak","status":"publish","type":"page","link":"https:\/\/technikaikiallitas.hu\/?page_id=317","title":{"rendered":"\u00c1rak \u00e9s nyitvatart\u00e1s"},"content":{"rendered":"\n<p><\/p>\n\n\n\n<p>Feln\u0151tt bel\u00e9p\u0151&nbsp;&nbsp;&nbsp;&nbsp;&nbsp;&nbsp;&nbsp;&nbsp;&nbsp;&nbsp;&nbsp;&nbsp;&nbsp;&nbsp;&nbsp;&nbsp;&nbsp;&nbsp;&nbsp;&nbsp;&nbsp;&nbsp; 1500 Ft.&nbsp;&nbsp;&nbsp;&nbsp;&nbsp;&nbsp;&nbsp;&nbsp;     Dunakeszi k\u00e1rty\u00e1val&nbsp; &nbsp; &nbsp; &nbsp; &nbsp; &nbsp; &nbsp;&nbsp;800 Ft.<\/p>\n\n\n\n<p>Di\u00e1k\/Nyugd\u00edjas&nbsp;&nbsp;&nbsp;&nbsp;&nbsp;&nbsp;&nbsp;&nbsp;&nbsp;&nbsp;&nbsp;&nbsp;&nbsp;&nbsp;&nbsp;&nbsp;&nbsp;&nbsp; &nbsp;&nbsp;&nbsp; 1000 Ft.&nbsp;&nbsp;&nbsp;&nbsp;&nbsp;&nbsp;&nbsp;     Dunakeszi k\u00e1rty\u00e1val&nbsp;&nbsp;&nbsp;&nbsp;&nbsp;&nbsp;&nbsp;&nbsp;&nbsp;&nbsp; &nbsp; &nbsp;500 Ft.<\/p>\n\n\n\n<p>Csal\u00e1di (2 feln\u0151tt+gyerekek)&nbsp;&nbsp; 4000 Ft.&nbsp;&nbsp;&nbsp;&nbsp;&nbsp;&nbsp;&nbsp;    Dunakeszi k\u00e1rty\u00e1val&nbsp;&nbsp;&nbsp;&nbsp;&nbsp;&nbsp;&nbsp;&nbsp;&nbsp;&nbsp;&nbsp; &nbsp;2000 Ft.<\/p>\n\n\n\n<p>Csoportos (8-20 f\u0151ig)&nbsp;&nbsp;&nbsp;&nbsp;&nbsp;&nbsp; &nbsp;&nbsp;&nbsp;&nbsp;&nbsp;  &nbsp; 800 Ft.&nbsp;&nbsp;&nbsp;&nbsp;&nbsp;&nbsp;&nbsp;    Dunakeszi k\u00e1rty\u00e1val&nbsp;&nbsp;&nbsp;&nbsp;&nbsp;&nbsp;&nbsp;&nbsp;&nbsp;&nbsp;   &nbsp;&nbsp;400 Ft.<\/p>\n\n\n\n<p><\/p>\n\n\n\n<p class=\"has-text-align-center has-medium-font-size\"><strong>Vezet\u00e9s k\u00fcl\u00f6n d\u00edj\u00e9rt k\u00e9rhet\u0151: 1&nbsp;000 Ft. (F\u00fcggetlen\u00fcl att\u00f3l, hogy 1 f\u0151 vagy 25 f\u0151)<\/strong><\/p>\n\n\n\n<p class=\"has-text-align-center has-large-font-size\"><strong>Ingyenes:<\/strong><\/p>\n\n\n\n<blockquote class=\"wp-block-quote has-text-align-center is-layout-flow wp-block-quote-is-layout-flow\">\n<ul class=\"wp-block-list\">\n<li><strong>6 \u00e9v alatti gyerekeknek<\/strong><\/li>\n\n\n\n<li><strong>Pedag\u00f3gusoknak<\/strong><\/li>\n\n\n\n<li><strong>Fogyat\u00e9kkal \u00e9l\u0151knek \u00e9s 1 f\u0151 k\u00eds\u00e9r\u0151j\u00fcknek<\/strong><\/li>\n\n\n\n<li><strong>400 f\u0151s tagl\u00e9tsz\u00e1mn\u00e1l nagyobb l\u00e9tsz\u00e1mmal rendelkez\u0151 m\u00fazeumi t\u00e1rsas\u00e1goknak<\/strong><\/li>\n<\/ul>\n<\/blockquote>\n\n\n\n<p class=\"has-text-align-center has-large-font-size\"><strong>Nyitva tart\u00e1s:<\/strong><\/p>\n\n\n\n<p class=\"has-text-align-center\"><strong>Minden cs\u00fct\u00f6rt\u00f6k\u00f6n 10:00 &#8211; 17:00-ig<\/strong><\/p>\n\n\n\n<p class=\"has-text-align-center\"><strong>A h\u00e9t t\u00f6bbi napj\u00e1n is lehet, de csak el\u0151zetes bejelentkez\u00e9s alapj\u00e1n!<\/strong><\/p>\n\n\n\n<p class=\"has-text-align-center\" style=\"font-size:27px\"><strong>Tisztelt L\u00e1togat\u00f3k!<\/strong><\/p>\n\n\n\n<p class=\"has-text-align-center\"><strong>2025. m\u00e1jus 1-\u00e9n z\u00e1rva vagyunk!<\/strong><\/p>\n\n\n\n<p class=\"has-text-align-center\"><\/p>\n\n\n\n<p class=\"has-text-align-center\"><strong>Telefon: 06-20-9427-226<\/strong><\/p>\n\n\n\n<p><\/p>\n\n\n\n<p><\/p>\n\n\n\n<p><\/p>\n\n\n\n<p class=\"has-text-align-center\"><\/p>\n\n\n\n<p><\/p>\n","protected":false},"excerpt":{"rendered":"<p>Feln\u0151tt bel\u00e9p\u0151&nbsp;&nbsp;&nbsp;&nbsp;&nbsp;&nbsp;&nbsp;&nbsp;&nbsp;&nbsp;&nbsp;&nbsp;&nbsp;&nbsp;&nbsp;&nbsp;&nbsp;&nbsp;&nbsp;&nbsp;&nbsp;&nbsp; 1500 Ft.&nbsp;&nbsp;&nbsp;&nbsp;&nbsp;&nbsp;&nbsp;&nbsp; Dunakeszi k\u00e1rty\u00e1val&nbsp; &nbsp; &nbsp; &nbsp; &nbsp; &nbsp; &nbsp;&nbsp;800 Ft. Di\u00e1k\/Nyugd\u00edjas&nbsp;&nbsp;&nbsp;&nbsp;&nbsp;&nbsp;&nbsp;&nbsp;&nbsp;&nbsp;&nbsp;&nbsp;&nbsp;&nbsp;&nbsp;&nbsp;&nbsp;&nbsp; &nbsp;&nbsp;&nbsp; 1000 Ft.&nbsp;&nbsp;&nbsp;&nbsp;&nbsp;&nbsp;&nbsp; Dunakeszi k\u00e1rty\u00e1val&nbsp;&nbsp;&nbsp;&nbsp;&nbsp;&nbsp;&nbsp;&nbsp;&nbsp;&nbsp; &nbsp; &nbsp;500 Ft. Csal\u00e1di (2 feln\u0151tt+gyerekek)&nbsp;&nbsp; 4000 Ft.&nbsp;&nbsp;&nbsp;&nbsp;&nbsp;&nbsp;&nbsp; Dunakeszi k\u00e1rty\u00e1val&nbsp;&nbsp;&nbsp;&nbsp;&nbsp;&nbsp;&nbsp;&nbsp;&nbsp;&nbsp;&nbsp; &nbsp;2000 Ft. Csoportos (8-20 f\u0151ig)&nbsp;&nbsp;&nbsp;&nbsp;&nbsp;&nbsp; &nbsp;&nbsp;&nbsp;&nbsp;&nbsp; &nbsp; 800 Ft.&nbsp;&nbsp;&nbsp;&nbsp;&nbsp;&nbsp;&nbsp; Dunakeszi k\u00e1rty\u00e1val&nbsp;&nbsp;&nbsp;&nbsp;&nbsp;&nbsp;&nbsp;&nbsp;&nbsp;&nbsp; &nbsp;&nbsp;400 Ft. Vezet\u00e9s k\u00fcl\u00f6n d\u00edj\u00e9rt k\u00e9rhet\u0151: 1&nbsp;000 Ft. (F\u00fcggetlen\u00fcl att\u00f3l, hogy 1 f\u0151 vagy 25 &hellip; <\/p>\n","protected":false},"author":1,"featured_media":0,"parent":0,"menu_order":0,"comment_status":"closed","ping_status":"closed","template":"","meta":{"_eb_attr":"","_uag_custom_page_level_css":"","pgc_sgb_lightbox_settings":"","_themeisle_gutenberg_block_has_review":false,"footnotes":""},"class_list":["post-317","page","type-page","status-publish","hentry"],"yoast_head":"<!-- This site is optimized with the Yoast SEO plugin v20.12 - https:\/\/yoast.com\/wordpress\/plugins\/seo\/ -->\n<title>\u00c1rak \u00e9s nyitvatart\u00e1s - Dunakeszi Technikai Ki\u00e1ll\u00edt\u00e1s<\/title>\n<meta name=\"robots\" content=\"index, follow, max-snippet:-1, max-image-preview:large, max-video-preview:-1\" \/>\n<link rel=\"canonical\" href=\"https:\/\/technikaikiallitas.hu\/?page_id=317\" \/>\n<meta property=\"og:locale\" content=\"hu_HU\" \/>\n<meta property=\"og:type\" content=\"article\" \/>\n<meta property=\"og:title\" content=\"\u00c1rak \u00e9s nyitvatart\u00e1s - Dunakeszi Technikai Ki\u00e1ll\u00edt\u00e1s\" \/>\n<meta property=\"og:description\" content=\"Feln\u0151tt bel\u00e9p\u0151&nbsp;&nbsp;&nbsp;&nbsp;&nbsp;&nbsp;&nbsp;&nbsp;&nbsp;&nbsp;&nbsp;&nbsp;&nbsp;&nbsp;&nbsp;&nbsp;&nbsp;&nbsp;&nbsp;&nbsp;&nbsp;&nbsp; 1500 Ft.&nbsp;&nbsp;&nbsp;&nbsp;&nbsp;&nbsp;&nbsp;&nbsp; Dunakeszi k\u00e1rty\u00e1val&nbsp; &nbsp; &nbsp; &nbsp; &nbsp; &nbsp; &nbsp;&nbsp;800 Ft. Di\u00e1k\/Nyugd\u00edjas&nbsp;&nbsp;&nbsp;&nbsp;&nbsp;&nbsp;&nbsp;&nbsp;&nbsp;&nbsp;&nbsp;&nbsp;&nbsp;&nbsp;&nbsp;&nbsp;&nbsp;&nbsp; &nbsp;&nbsp;&nbsp; 1000 Ft.&nbsp;&nbsp;&nbsp;&nbsp;&nbsp;&nbsp;&nbsp; Dunakeszi k\u00e1rty\u00e1val&nbsp;&nbsp;&nbsp;&nbsp;&nbsp;&nbsp;&nbsp;&nbsp;&nbsp;&nbsp; &nbsp; &nbsp;500 Ft. Csal\u00e1di (2 feln\u0151tt+gyerekek)&nbsp;&nbsp; 4000 Ft.&nbsp;&nbsp;&nbsp;&nbsp;&nbsp;&nbsp;&nbsp; Dunakeszi k\u00e1rty\u00e1val&nbsp;&nbsp;&nbsp;&nbsp;&nbsp;&nbsp;&nbsp;&nbsp;&nbsp;&nbsp;&nbsp; &nbsp;2000 Ft. Csoportos (8-20 f\u0151ig)&nbsp;&nbsp;&nbsp;&nbsp;&nbsp;&nbsp; &nbsp;&nbsp;&nbsp;&nbsp;&nbsp; &nbsp; 800 Ft.&nbsp;&nbsp;&nbsp;&nbsp;&nbsp;&nbsp;&nbsp; Dunakeszi k\u00e1rty\u00e1val&nbsp;&nbsp;&nbsp;&nbsp;&nbsp;&nbsp;&nbsp;&nbsp;&nbsp;&nbsp; &nbsp;&nbsp;400 Ft. Vezet\u00e9s k\u00fcl\u00f6n d\u00edj\u00e9rt k\u00e9rhet\u0151: 1&nbsp;000 Ft. (F\u00fcggetlen\u00fcl att\u00f3l, hogy 1 f\u0151 vagy 25 &hellip;\" \/>\n<meta property=\"og:url\" content=\"https:\/\/technikaikiallitas.hu\/?page_id=317\" \/>\n<meta property=\"og:site_name\" content=\"Dunakeszi Technikai Ki\u00e1ll\u00edt\u00e1s\" \/>\n<meta property=\"article:modified_time\" content=\"2025-04-24T11:02:09+00:00\" \/>\n<meta name=\"twitter:card\" content=\"summary_large_image\" \/>\n<meta name=\"twitter:label1\" content=\"Becs\u00fclt olvas\u00e1si id\u0151\" \/>\n\t<meta name=\"twitter:data1\" content=\"1 perc\" \/>\n<script type=\"application\/ld+json\" class=\"yoast-schema-graph\">{\"@context\":\"https:\/\/schema.org\",\"@graph\":[{\"@type\":\"WebPage\",\"@id\":\"https:\/\/technikaikiallitas.hu\/?page_id=317\",\"url\":\"https:\/\/technikaikiallitas.hu\/?page_id=317\",\"name\":\"\u00c1rak \u00e9s nyitvatart\u00e1s - Dunakeszi Technikai Ki\u00e1ll\u00edt\u00e1s\",\"isPartOf\":{\"@id\":\"https:\/\/technikaikiallitas.hu\/#website\"},\"datePublished\":\"2023-07-31T17:26:03+00:00\",\"dateModified\":\"2025-04-24T11:02:09+00:00\",\"breadcrumb\":{\"@id\":\"https:\/\/technikaikiallitas.hu\/?page_id=317#breadcrumb\"},\"inLanguage\":\"hu\",\"potentialAction\":[{\"@type\":\"ReadAction\",\"target\":[\"https:\/\/technikaikiallitas.hu\/?page_id=317\"]}]},{\"@type\":\"BreadcrumbList\",\"@id\":\"https:\/\/technikaikiallitas.hu\/?page_id=317#breadcrumb\",\"itemListElement\":[{\"@type\":\"ListItem\",\"position\":1,\"name\":\"Kezd\u0151lap\",\"item\":\"https:\/\/technikaikiallitas.hu\/\"},{\"@type\":\"ListItem\",\"position\":2,\"name\":\"\u00c1rak \u00e9s nyitvatart\u00e1s\"}]},{\"@type\":\"WebSite\",\"@id\":\"https:\/\/technikaikiallitas.hu\/#website\",\"url\":\"https:\/\/technikaikiallitas.hu\/\",\"name\":\"Dunakeszi Technikai Ki\u00e1ll\u00edt\u00e1s\",\"description\":\"\",\"publisher\":{\"@id\":\"https:\/\/technikaikiallitas.hu\/#organization\"},\"potentialAction\":[{\"@type\":\"SearchAction\",\"target\":{\"@type\":\"EntryPoint\",\"urlTemplate\":\"https:\/\/technikaikiallitas.hu\/?s={search_term_string}\"},\"query-input\":\"required name=search_term_string\"}],\"inLanguage\":\"hu\"},{\"@type\":\"Organization\",\"@id\":\"https:\/\/technikaikiallitas.hu\/#organization\",\"name\":\"Dunakeszi Technikai Ki\u00e1ll\u00edt\u00e1s\",\"url\":\"https:\/\/technikaikiallitas.hu\/\",\"logo\":{\"@type\":\"ImageObject\",\"inLanguage\":\"hu\",\"@id\":\"https:\/\/technikaikiallitas.hu\/#\/schema\/logo\/image\/\",\"url\":\"https:\/\/technikaikiallitas.hu\/wp-content\/uploads\/2023\/07\/cropped-DTK-logo-koruliras-nelkul-OK-e1690823193293.jpg\",\"contentUrl\":\"https:\/\/technikaikiallitas.hu\/wp-content\/uploads\/2023\/07\/cropped-DTK-logo-koruliras-nelkul-OK-e1690823193293.jpg\",\"width\":60,\"height\":86,\"caption\":\"Dunakeszi Technikai Ki\u00e1ll\u00edt\u00e1s\"},\"image\":{\"@id\":\"https:\/\/technikaikiallitas.hu\/#\/schema\/logo\/image\/\"}}]}<\/script>\n<!-- \/ Yoast SEO plugin. -->","yoast_head_json":{"title":"\u00c1rak \u00e9s nyitvatart\u00e1s - Dunakeszi Technikai Ki\u00e1ll\u00edt\u00e1s","robots":{"index":"index","follow":"follow","max-snippet":"max-snippet:-1","max-image-preview":"max-image-preview:large","max-video-preview":"max-video-preview:-1"},"canonical":"https:\/\/technikaikiallitas.hu\/?page_id=317","og_locale":"hu_HU","og_type":"article","og_title":"\u00c1rak \u00e9s nyitvatart\u00e1s - Dunakeszi Technikai Ki\u00e1ll\u00edt\u00e1s","og_description":"Feln\u0151tt bel\u00e9p\u0151&nbsp;&nbsp;&nbsp;&nbsp;&nbsp;&nbsp;&nbsp;&nbsp;&nbsp;&nbsp;&nbsp;&nbsp;&nbsp;&nbsp;&nbsp;&nbsp;&nbsp;&nbsp;&nbsp;&nbsp;&nbsp;&nbsp; 1500 Ft.&nbsp;&nbsp;&nbsp;&nbsp;&nbsp;&nbsp;&nbsp;&nbsp; Dunakeszi k\u00e1rty\u00e1val&nbsp; &nbsp; &nbsp; &nbsp; &nbsp; &nbsp; &nbsp;&nbsp;800 Ft. Di\u00e1k\/Nyugd\u00edjas&nbsp;&nbsp;&nbsp;&nbsp;&nbsp;&nbsp;&nbsp;&nbsp;&nbsp;&nbsp;&nbsp;&nbsp;&nbsp;&nbsp;&nbsp;&nbsp;&nbsp;&nbsp; &nbsp;&nbsp;&nbsp; 1000 Ft.&nbsp;&nbsp;&nbsp;&nbsp;&nbsp;&nbsp;&nbsp; Dunakeszi k\u00e1rty\u00e1val&nbsp;&nbsp;&nbsp;&nbsp;&nbsp;&nbsp;&nbsp;&nbsp;&nbsp;&nbsp; &nbsp; &nbsp;500 Ft. Csal\u00e1di (2 feln\u0151tt+gyerekek)&nbsp;&nbsp; 4000 Ft.&nbsp;&nbsp;&nbsp;&nbsp;&nbsp;&nbsp;&nbsp; Dunakeszi k\u00e1rty\u00e1val&nbsp;&nbsp;&nbsp;&nbsp;&nbsp;&nbsp;&nbsp;&nbsp;&nbsp;&nbsp;&nbsp; &nbsp;2000 Ft. Csoportos (8-20 f\u0151ig)&nbsp;&nbsp;&nbsp;&nbsp;&nbsp;&nbsp; &nbsp;&nbsp;&nbsp;&nbsp;&nbsp; &nbsp; 800 Ft.&nbsp;&nbsp;&nbsp;&nbsp;&nbsp;&nbsp;&nbsp; Dunakeszi k\u00e1rty\u00e1val&nbsp;&nbsp;&nbsp;&nbsp;&nbsp;&nbsp;&nbsp;&nbsp;&nbsp;&nbsp; &nbsp;&nbsp;400 Ft. Vezet\u00e9s k\u00fcl\u00f6n d\u00edj\u00e9rt k\u00e9rhet\u0151: 1&nbsp;000 Ft. (F\u00fcggetlen\u00fcl att\u00f3l, hogy 1 f\u0151 vagy 25 &hellip;","og_url":"https:\/\/technikaikiallitas.hu\/?page_id=317","og_site_name":"Dunakeszi Technikai Ki\u00e1ll\u00edt\u00e1s","article_modified_time":"2025-04-24T11:02:09+00:00","twitter_card":"summary_large_image","twitter_misc":{"Becs\u00fclt olvas\u00e1si id\u0151":"1 perc"},"schema":{"@context":"https:\/\/schema.org","@graph":[{"@type":"WebPage","@id":"https:\/\/technikaikiallitas.hu\/?page_id=317","url":"https:\/\/technikaikiallitas.hu\/?page_id=317","name":"\u00c1rak \u00e9s nyitvatart\u00e1s - Dunakeszi Technikai Ki\u00e1ll\u00edt\u00e1s","isPartOf":{"@id":"https:\/\/technikaikiallitas.hu\/#website"},"datePublished":"2023-07-31T17:26:03+00:00","dateModified":"2025-04-24T11:02:09+00:00","breadcrumb":{"@id":"https:\/\/technikaikiallitas.hu\/?page_id=317#breadcrumb"},"inLanguage":"hu","potentialAction":[{"@type":"ReadAction","target":["https:\/\/technikaikiallitas.hu\/?page_id=317"]}]},{"@type":"BreadcrumbList","@id":"https:\/\/technikaikiallitas.hu\/?page_id=317#breadcrumb","itemListElement":[{"@type":"ListItem","position":1,"name":"Kezd\u0151lap","item":"https:\/\/technikaikiallitas.hu\/"},{"@type":"ListItem","position":2,"name":"\u00c1rak \u00e9s nyitvatart\u00e1s"}]},{"@type":"WebSite","@id":"https:\/\/technikaikiallitas.hu\/#website","url":"https:\/\/technikaikiallitas.hu\/","name":"Dunakeszi Technikai Ki\u00e1ll\u00edt\u00e1s","description":"","publisher":{"@id":"https:\/\/technikaikiallitas.hu\/#organization"},"potentialAction":[{"@type":"SearchAction","target":{"@type":"EntryPoint","urlTemplate":"https:\/\/technikaikiallitas.hu\/?s={search_term_string}"},"query-input":"required name=search_term_string"}],"inLanguage":"hu"},{"@type":"Organization","@id":"https:\/\/technikaikiallitas.hu\/#organization","name":"Dunakeszi Technikai Ki\u00e1ll\u00edt\u00e1s","url":"https:\/\/technikaikiallitas.hu\/","logo":{"@type":"ImageObject","inLanguage":"hu","@id":"https:\/\/technikaikiallitas.hu\/#\/schema\/logo\/image\/","url":"https:\/\/technikaikiallitas.hu\/wp-content\/uploads\/2023\/07\/cropped-DTK-logo-koruliras-nelkul-OK-e1690823193293.jpg","contentUrl":"https:\/\/technikaikiallitas.hu\/wp-content\/uploads\/2023\/07\/cropped-DTK-logo-koruliras-nelkul-OK-e1690823193293.jpg","width":60,"height":86,"caption":"Dunakeszi Technikai Ki\u00e1ll\u00edt\u00e1s"},"image":{"@id":"https:\/\/technikaikiallitas.hu\/#\/schema\/logo\/image\/"}}]}},"uagb_featured_image_src":{"full":false,"thumbnail":false,"medium":false,"medium_large":false,"large":false,"1536x1536":false,"2048x2048":false,"blossom-recipe-schema":false,"blossom-recipe-slider":false,"blossom-recipe-blog":false,"blossom-recipe-blog-one":false},"uagb_author_info":{"display_name":"admin","author_link":"https:\/\/technikaikiallitas.hu\/?author=1"},"uagb_comment_info":0,"uagb_excerpt":"Feln\u0151tt bel\u00e9p\u0151&nbsp;&nbsp;&nbsp;&nbsp;&nbsp;&nbsp;&nbsp;&nbsp;&nbsp;&nbsp;&nbsp;&nbsp;&nbsp;&nbsp;&nbsp;&nbsp;&nbsp;&nbsp;&nbsp;&nbsp;&nbsp;&nbsp; 1500 Ft.&nbsp;&nbsp;&nbsp;&nbsp;&nbsp;&nbsp;&nbsp;&nbsp; Dunakeszi k\u00e1rty\u00e1val&nbsp; &nbsp; &nbsp; &nbsp; &nbsp; &nbsp; &nbsp;&nbsp;800 Ft. Di\u00e1k\/Nyugd\u00edjas&nbsp;&nbsp;&nbsp;&nbsp;&nbsp;&nbsp;&nbsp;&nbsp;&nbsp;&nbsp;&nbsp;&nbsp;&nbsp;&nbsp;&nbsp;&nbsp;&nbsp;&nbsp; &nbsp;&nbsp;&nbsp; 1000 Ft.&nbsp;&nbsp;&nbsp;&nbsp;&nbsp;&nbsp;&nbsp; Dunakeszi k\u00e1rty\u00e1val&nbsp;&nbsp;&nbsp;&nbsp;&nbsp;&nbsp;&nbsp;&nbsp;&nbsp;&nbsp; &nbsp; &nbsp;500 Ft. Csal\u00e1di (2 feln\u0151tt+gyerekek)&nbsp;&nbsp; 4000 Ft.&nbsp;&nbsp;&nbsp;&nbsp;&nbsp;&nbsp;&nbsp; Dunakeszi k\u00e1rty\u00e1val&nbsp;&nbsp;&nbsp;&nbsp;&nbsp;&nbsp;&nbsp;&nbsp;&nbsp;&nbsp;&nbsp; &nbsp;2000 Ft. Csoportos (8-20 f\u0151ig)&nbsp;&nbsp;&nbsp;&nbsp;&nbsp;&nbsp; &nbsp;&nbsp;&nbsp;&nbsp;&nbsp; &nbsp; 800 Ft.&nbsp;&nbsp;&nbsp;&nbsp;&nbsp;&nbsp;&nbsp; Dunakeszi k\u00e1rty\u00e1val&nbsp;&nbsp;&nbsp;&nbsp;&nbsp;&nbsp;&nbsp;&nbsp;&nbsp;&nbsp; &nbsp;&nbsp;400 Ft. Vezet\u00e9s k\u00fcl\u00f6n d\u00edj\u00e9rt k\u00e9rhet\u0151: 1&nbsp;000 Ft. (F\u00fcggetlen\u00fcl att\u00f3l, hogy 1 f\u0151 vagy 25&hellip;","_links":{"self":[{"href":"https:\/\/technikaikiallitas.hu\/index.php?rest_route=\/wp\/v2\/pages\/317","targetHints":{"allow":["GET"]}}],"collection":[{"href":"https:\/\/technikaikiallitas.hu\/index.php?rest_route=\/wp\/v2\/pages"}],"about":[{"href":"https:\/\/technikaikiallitas.hu\/index.php?rest_route=\/wp\/v2\/types\/page"}],"author":[{"embeddable":true,"href":"https:\/\/technikaikiallitas.hu\/index.php?rest_route=\/wp\/v2\/users\/1"}],"replies":[{"embeddable":true,"href":"https:\/\/technikaikiallitas.hu\/index.php?rest_route=%2Fwp%2Fv2%2Fcomments&post=317"}],"version-history":[{"count":29,"href":"https:\/\/technikaikiallitas.hu\/index.php?rest_route=\/wp\/v2\/pages\/317\/revisions"}],"predecessor-version":[{"id":425,"href":"https:\/\/technikaikiallitas.hu\/index.php?rest_route=\/wp\/v2\/pages\/317\/revisions\/425"}],"wp:attachment":[{"href":"https:\/\/technikaikiallitas.hu\/index.php?rest_route=%2Fwp%2Fv2%2Fmedia&parent=317"}],"curies":[{"name":"wp","href":"https:\/\/api.w.org\/{rel}","templated":true}]}}