{"id":10,"date":"2023-07-28T07:06:29","date_gmt":"2023-07-28T07:06:29","guid":{"rendered":"https:\/\/technikaikiallitas.hu\/?page_id=10"},"modified":"2024-04-04T12:40:06","modified_gmt":"2024-04-04T12:40:06","slug":"kapcsolat","status":"publish","type":"page","link":"https:\/\/technikaikiallitas.hu\/?page_id=10","title":{"rendered":"Kapcsolat"},"content":{"rendered":"\n<div class=\"wp-block-essential-blocks-team-member\"><div class=\"eb-parent-wrapper eb-parent-eb-team-member-vtnaf4r \"><div class=\"eb-team-member-vtnaf4r eb-team-wrapper\"><div class=\"eb-team-inner\"><div class=\"image\"><img decoding=\"async\" class=\"avatar\" src=\"https:\/\/technikaikiallitas.hu\/wp-content\/uploads\/2023\/07\/DTK-logo-koruliras-nelkul-OK-1.jpg\" alt=\"technikaikiallitas@gmail.com\"\/><ul class=\"socials\"><li><a class=\" \" href=\"javascript:void(0)\" rel=\"noopener\" title=\"\"><i class=\"hvr-icon social-icon fab fa-facebook-f\"><\/i><\/a><\/li><li><a class=\" \" href=\"javascript:void(0)\" rel=\"noopener\" title=\"\"><i class=\"hvr-icon social-icon fab fa-youtube\"><\/i><\/a><\/li><\/ul><\/div><div class=\"contents\"><div class=\"texts\"><h3 class=\"name\">technikaikiallitas@gmail.com<\/h3><h4 class=\"job_title\">06-20-9427-226<br>Dunakeszi, Szent Istv\u00e1n u. 19.<\/h4><\/div><\/div><\/div><\/div><\/div><\/div>\n","protected":false},"excerpt":{"rendered":"","protected":false},"author":1,"featured_media":0,"parent":0,"menu_order":0,"comment_status":"closed","ping_status":"closed","template":"","meta":{"_eb_attr":"","_uag_custom_page_level_css":"","pgc_sgb_lightbox_settings":"","_themeisle_gutenberg_block_has_review":false,"footnotes":""},"class_list":["post-10","page","type-page","status-publish","hentry"],"yoast_head":"<!-- This site is optimized with the Yoast SEO plugin v20.12 - https:\/\/yoast.com\/wordpress\/plugins\/seo\/ -->\n<title>Kapcsolat - Dunakeszi Technikai Ki\u00e1ll\u00edt\u00e1s<\/title>\n<meta name=\"robots\" content=\"index, follow, max-snippet:-1, max-image-preview:large, max-video-preview:-1\" \/>\n<link rel=\"canonical\" href=\"https:\/\/technikaikiallitas.hu\/?page_id=10\" \/>\n<meta property=\"og:locale\" content=\"hu_HU\" \/>\n<meta property=\"og:type\" content=\"article\" \/>\n<meta property=\"og:title\" content=\"Kapcsolat - Dunakeszi Technikai Ki\u00e1ll\u00edt\u00e1s\" \/>\n<meta property=\"og:url\" content=\"https:\/\/technikaikiallitas.hu\/?page_id=10\" \/>\n<meta property=\"og:site_name\" content=\"Dunakeszi Technikai Ki\u00e1ll\u00edt\u00e1s\" \/>\n<meta property=\"article:modified_time\" content=\"2024-04-04T12:40:06+00:00\" \/>\n<meta property=\"og:image\" content=\"https:\/\/technikaikiallitas.hu\/wp-content\/uploads\/2023\/07\/DTK-logo-koruliras-nelkul-OK-1.jpg\" \/>\n<meta name=\"twitter:card\" content=\"summary_large_image\" \/>\n<meta name=\"twitter:label1\" content=\"Becs\u00fclt olvas\u00e1si id\u0151\" \/>\n\t<meta name=\"twitter:data1\" content=\"1 perc\" \/>\n<script type=\"application\/ld+json\" class=\"yoast-schema-graph\">{\"@context\":\"https:\/\/schema.org\",\"@graph\":[{\"@type\":\"WebPage\",\"@id\":\"https:\/\/technikaikiallitas.hu\/?page_id=10\",\"url\":\"https:\/\/technikaikiallitas.hu\/?page_id=10\",\"name\":\"Kapcsolat - Dunakeszi Technikai Ki\u00e1ll\u00edt\u00e1s\",\"isPartOf\":{\"@id\":\"https:\/\/technikaikiallitas.hu\/#website\"},\"datePublished\":\"2023-07-28T07:06:29+00:00\",\"dateModified\":\"2024-04-04T12:40:06+00:00\",\"breadcrumb\":{\"@id\":\"https:\/\/technikaikiallitas.hu\/?page_id=10#breadcrumb\"},\"inLanguage\":\"hu\",\"potentialAction\":[{\"@type\":\"ReadAction\",\"target\":[\"https:\/\/technikaikiallitas.hu\/?page_id=10\"]}]},{\"@type\":\"BreadcrumbList\",\"@id\":\"https:\/\/technikaikiallitas.hu\/?page_id=10#breadcrumb\",\"itemListElement\":[{\"@type\":\"ListItem\",\"position\":1,\"name\":\"Kezd\u0151lap\",\"item\":\"https:\/\/technikaikiallitas.hu\/\"},{\"@type\":\"ListItem\",\"position\":2,\"name\":\"Kapcsolat\"}]},{\"@type\":\"WebSite\",\"@id\":\"https:\/\/technikaikiallitas.hu\/#website\",\"url\":\"https:\/\/technikaikiallitas.hu\/\",\"name\":\"Dunakeszi Technikai Ki\u00e1ll\u00edt\u00e1s\",\"description\":\"\",\"publisher\":{\"@id\":\"https:\/\/technikaikiallitas.hu\/#organization\"},\"potentialAction\":[{\"@type\":\"SearchAction\",\"target\":{\"@type\":\"EntryPoint\",\"urlTemplate\":\"https:\/\/technikaikiallitas.hu\/?s={search_term_string}\"},\"query-input\":\"required name=search_term_string\"}],\"inLanguage\":\"hu\"},{\"@type\":\"Organization\",\"@id\":\"https:\/\/technikaikiallitas.hu\/#organization\",\"name\":\"Dunakeszi Technikai Ki\u00e1ll\u00edt\u00e1s\",\"url\":\"https:\/\/technikaikiallitas.hu\/\",\"logo\":{\"@type\":\"ImageObject\",\"inLanguage\":\"hu\",\"@id\":\"https:\/\/technikaikiallitas.hu\/#\/schema\/logo\/image\/\",\"url\":\"https:\/\/technikaikiallitas.hu\/wp-content\/uploads\/2023\/07\/cropped-DTK-logo-koruliras-nelkul-OK-e1690823193293.jpg\",\"contentUrl\":\"https:\/\/technikaikiallitas.hu\/wp-content\/uploads\/2023\/07\/cropped-DTK-logo-koruliras-nelkul-OK-e1690823193293.jpg\",\"width\":60,\"height\":86,\"caption\":\"Dunakeszi Technikai Ki\u00e1ll\u00edt\u00e1s\"},\"image\":{\"@id\":\"https:\/\/technikaikiallitas.hu\/#\/schema\/logo\/image\/\"}}]}<\/script>\n<!-- \/ Yoast SEO plugin. -->","yoast_head_json":{"title":"Kapcsolat - Dunakeszi Technikai Ki\u00e1ll\u00edt\u00e1s","robots":{"index":"index","follow":"follow","max-snippet":"max-snippet:-1","max-image-preview":"max-image-preview:large","max-video-preview":"max-video-preview:-1"},"canonical":"https:\/\/technikaikiallitas.hu\/?page_id=10","og_locale":"hu_HU","og_type":"article","og_title":"Kapcsolat - Dunakeszi Technikai Ki\u00e1ll\u00edt\u00e1s","og_url":"https:\/\/technikaikiallitas.hu\/?page_id=10","og_site_name":"Dunakeszi Technikai Ki\u00e1ll\u00edt\u00e1s","article_modified_time":"2024-04-04T12:40:06+00:00","og_image":[{"url":"https:\/\/technikaikiallitas.hu\/wp-content\/uploads\/2023\/07\/DTK-logo-koruliras-nelkul-OK-1.jpg"}],"twitter_card":"summary_large_image","twitter_misc":{"Becs\u00fclt olvas\u00e1si id\u0151":"1 perc"},"schema":{"@context":"https:\/\/schema.org","@graph":[{"@type":"WebPage","@id":"https:\/\/technikaikiallitas.hu\/?page_id=10","url":"https:\/\/technikaikiallitas.hu\/?page_id=10","name":"Kapcsolat - Dunakeszi Technikai Ki\u00e1ll\u00edt\u00e1s","isPartOf":{"@id":"https:\/\/technikaikiallitas.hu\/#website"},"datePublished":"2023-07-28T07:06:29+00:00","dateModified":"2024-04-04T12:40:06+00:00","breadcrumb":{"@id":"https:\/\/technikaikiallitas.hu\/?page_id=10#breadcrumb"},"inLanguage":"hu","potentialAction":[{"@type":"ReadAction","target":["https:\/\/technikaikiallitas.hu\/?page_id=10"]}]},{"@type":"BreadcrumbList","@id":"https:\/\/technikaikiallitas.hu\/?page_id=10#breadcrumb","itemListElement":[{"@type":"ListItem","position":1,"name":"Kezd\u0151lap","item":"https:\/\/technikaikiallitas.hu\/"},{"@type":"ListItem","position":2,"name":"Kapcsolat"}]},{"@type":"WebSite","@id":"https:\/\/technikaikiallitas.hu\/#website","url":"https:\/\/technikaikiallitas.hu\/","name":"Dunakeszi Technikai Ki\u00e1ll\u00edt\u00e1s","description":"","publisher":{"@id":"https:\/\/technikaikiallitas.hu\/#organization"},"potentialAction":[{"@type":"SearchAction","target":{"@type":"EntryPoint","urlTemplate":"https:\/\/technikaikiallitas.hu\/?s={search_term_string}"},"query-input":"required name=search_term_string"}],"inLanguage":"hu"},{"@type":"Organization","@id":"https:\/\/technikaikiallitas.hu\/#organization","name":"Dunakeszi Technikai Ki\u00e1ll\u00edt\u00e1s","url":"https:\/\/technikaikiallitas.hu\/","logo":{"@type":"ImageObject","inLanguage":"hu","@id":"https:\/\/technikaikiallitas.hu\/#\/schema\/logo\/image\/","url":"https:\/\/technikaikiallitas.hu\/wp-content\/uploads\/2023\/07\/cropped-DTK-logo-koruliras-nelkul-OK-e1690823193293.jpg","contentUrl":"https:\/\/technikaikiallitas.hu\/wp-content\/uploads\/2023\/07\/cropped-DTK-logo-koruliras-nelkul-OK-e1690823193293.jpg","width":60,"height":86,"caption":"Dunakeszi Technikai Ki\u00e1ll\u00edt\u00e1s"},"image":{"@id":"https:\/\/technikaikiallitas.hu\/#\/schema\/logo\/image\/"}}]}},"uagb_featured_image_src":{"full":false,"thumbnail":false,"medium":false,"medium_large":false,"large":false,"1536x1536":false,"2048x2048":false,"blossom-recipe-schema":false,"blossom-recipe-slider":false,"blossom-recipe-blog":false,"blossom-recipe-blog-one":false},"uagb_author_info":{"display_name":"admin","author_link":"https:\/\/technikaikiallitas.hu\/?author=1"},"uagb_comment_info":0,"uagb_excerpt":null,"_links":{"self":[{"href":"https:\/\/technikaikiallitas.hu\/index.php?rest_route=\/wp\/v2\/pages\/10","targetHints":{"allow":["GET"]}}],"collection":[{"href":"https:\/\/technikaikiallitas.hu\/index.php?rest_route=\/wp\/v2\/pages"}],"about":[{"href":"https:\/\/technikaikiallitas.hu\/index.php?rest_route=\/wp\/v2\/types\/page"}],"author":[{"embeddable":true,"href":"https:\/\/technikaikiallitas.hu\/index.php?rest_route=\/wp\/v2\/users\/1"}],"replies":[{"embeddable":true,"href":"https:\/\/technikaikiallitas.hu\/index.php?rest_route=%2Fwp%2Fv2%2Fcomments&post=10"}],"version-history":[{"count":10,"href":"https:\/\/technikaikiallitas.hu\/index.php?rest_route=\/wp\/v2\/pages\/10\/revisions"}],"predecessor-version":[{"id":416,"href":"https:\/\/technikaikiallitas.hu\/index.php?rest_route=\/wp\/v2\/pages\/10\/revisions\/416"}],"wp:attachment":[{"href":"https:\/\/technikaikiallitas.hu\/index.php?rest_route=%2Fwp%2Fv2%2Fmedia&parent=10"}],"curies":[{"name":"wp","href":"https:\/\/api.w.org\/{rel}","templated":true}]}}